{"id":3193,"date":"2025-02-27T11:58:41","date_gmt":"2025-02-27T04:58:41","guid":{"rendered":"https:\/\/phuongmaigallery.com\/?page_id=3193"},"modified":"2026-03-16T11:17:54","modified_gmt":"2026-03-16T04:17:54","slug":"gioi-thieu","status":"publish","type":"page","link":"https:\/\/phuongmaigallery.com\/vi\/gioi-thieu\/","title":{"rendered":"Gi\u1edbi thi\u1ec7u"},"content":{"rendered":"<div class=\"wpb-content-wrapper\"><p>[vc_row full_width=&#8221;stretch_row_content_no_spaces&#8221;][vc_column]<div class=\"gallery-carousel\">\n\t <div class=\"owl-carousel owl-theme style-carousel-1 gallery\">\n    \t<div class=\"gallery-carousel-item\">\n\t\t<a href=\"https:\/\/phuongmaigallery.com\/wp-content\/uploads\/2024\/12\/4-place.jpg\" data-fancybox=\"images\"> <img loading=\"lazy\" decoding=\"async\" width=\"1916\" height=\"500\" src=\"https:\/\/phuongmaigallery.com\/wp-content\/uploads\/2024\/12\/4-place.jpg\" class=\"attachment-full size-full\" alt=\"\" srcset=\"https:\/\/phuongmaigallery.com\/wp-content\/uploads\/2024\/12\/4-place.jpg 1916w, https:\/\/phuongmaigallery.com\/wp-content\/uploads\/2024\/12\/4-place-300x78.jpg 300w, https:\/\/phuongmaigallery.com\/wp-content\/uploads\/2024\/12\/4-place-1024x267.jpg 1024w, https:\/\/phuongmaigallery.com\/wp-content\/uploads\/2024\/12\/4-place-768x200.jpg 768w, https:\/\/phuongmaigallery.com\/wp-content\/uploads\/2024\/12\/4-place-1536x401.jpg 1536w, https:\/\/phuongmaigallery.com\/wp-content\/uploads\/2024\/12\/4-place-600x157.jpg 600w\" sizes=\"auto, (max-width: 1916px) 100vw, 1916px\" \/><\/a>\n<\/div>\n \t<div class=\"gallery-carousel-item\">\n\t\t<a href=\"https:\/\/phuongmaigallery.com\/wp-content\/uploads\/2024\/12\/1-1vnbannerpagegallery.jpg\" data-fancybox=\"images\"> <img loading=\"lazy\" decoding=\"async\" width=\"1916\" height=\"500\" src=\"https:\/\/phuongmaigallery.com\/wp-content\/uploads\/2024\/12\/1-1vnbannerpagegallery.jpg\" class=\"attachment-full size-full\" alt=\"\" srcset=\"https:\/\/phuongmaigallery.com\/wp-content\/uploads\/2024\/12\/1-1vnbannerpagegallery.jpg 1916w, https:\/\/phuongmaigallery.com\/wp-content\/uploads\/2024\/12\/1-1vnbannerpagegallery-300x78.jpg 300w, https:\/\/phuongmaigallery.com\/wp-content\/uploads\/2024\/12\/1-1vnbannerpagegallery-1024x267.jpg 1024w, https:\/\/phuongmaigallery.com\/wp-content\/uploads\/2024\/12\/1-1vnbannerpagegallery-768x200.jpg 768w, https:\/\/phuongmaigallery.com\/wp-content\/uploads\/2024\/12\/1-1vnbannerpagegallery-1536x401.jpg 1536w, https:\/\/phuongmaigallery.com\/wp-content\/uploads\/2024\/12\/1-1vnbannerpagegallery-600x157.jpg 600w\" sizes=\"auto, (max-width: 1916px) 100vw, 1916px\" \/><\/a>\n<\/div>\n \t<div class=\"gallery-carousel-item\">\n\t\t<a href=\"https:\/\/phuongmaigallery.com\/wp-content\/uploads\/2024\/12\/DSC_0077.jpg\" data-fancybox=\"images\"> <img loading=\"lazy\" decoding=\"async\" width=\"1916\" height=\"400\" src=\"https:\/\/phuongmaigallery.com\/wp-content\/uploads\/2024\/12\/DSC_0077.jpg\" class=\"attachment-full size-full\" alt=\"\" srcset=\"https:\/\/phuongmaigallery.com\/wp-content\/uploads\/2024\/12\/DSC_0077.jpg 1916w, https:\/\/phuongmaigallery.com\/wp-content\/uploads\/2024\/12\/DSC_0077-300x63.jpg 300w, https:\/\/phuongmaigallery.com\/wp-content\/uploads\/2024\/12\/DSC_0077-1024x214.jpg 1024w, https:\/\/phuongmaigallery.com\/wp-content\/uploads\/2024\/12\/DSC_0077-768x160.jpg 768w, https:\/\/phuongmaigallery.com\/wp-content\/uploads\/2024\/12\/DSC_0077-1536x321.jpg 1536w, https:\/\/phuongmaigallery.com\/wp-content\/uploads\/2024\/12\/DSC_0077-600x125.jpg 600w\" sizes=\"auto, (max-width: 1916px) 100vw, 1916px\" \/><\/a>\n<\/div>\n \t<div class=\"gallery-carousel-item\">\n\t\t<a href=\"https:\/\/phuongmaigallery.com\/wp-content\/uploads\/2024\/12\/1-e1735387720822.jpg\" data-fancybox=\"images\"> <img loading=\"lazy\" decoding=\"async\" width=\"1341\" height=\"350\" src=\"https:\/\/phuongmaigallery.com\/wp-content\/uploads\/2024\/12\/1-e1735387720822.jpg\" class=\"attachment-full size-full\" alt=\"\" \/><\/a>\n<\/div>\n \t<div class=\"gallery-carousel-item\">\n\t\t<a href=\"https:\/\/phuongmaigallery.com\/wp-content\/uploads\/2024\/12\/home-page-3-e1735387564928.jpg\" data-fancybox=\"images\"> <img loading=\"lazy\" decoding=\"async\" width=\"1341\" height=\"350\" src=\"https:\/\/phuongmaigallery.com\/wp-content\/uploads\/2024\/12\/home-page-3-e1735387564928.jpg\" class=\"attachment-full size-full\" alt=\"\" \/><\/a>\n<\/div>\n \t<div class=\"gallery-carousel-item\">\n\t\t<a href=\"https:\/\/phuongmaigallery.com\/wp-content\/uploads\/2024\/12\/homepage3-e1735387625212.jpg\" data-fancybox=\"images\"> <img loading=\"lazy\" decoding=\"async\" width=\"1341\" height=\"350\" src=\"https:\/\/phuongmaigallery.com\/wp-content\/uploads\/2024\/12\/homepage3-e1735387625212.jpg\" class=\"attachment-full size-full\" alt=\"\" \/><\/a>\n<\/div>\n \t<div class=\"gallery-carousel-item\">\n\t\t<a href=\"https:\/\/phuongmaigallery.com\/wp-content\/uploads\/2024\/12\/DSC_0079news-e1735387602831.jpg\" data-fancybox=\"images\"> <img loading=\"lazy\" decoding=\"async\" width=\"1341\" height=\"350\" src=\"https:\/\/phuongmaigallery.com\/wp-content\/uploads\/2024\/12\/DSC_0079news-e1735387602831.jpg\" class=\"attachment-full size-full\" alt=\"\" \/><\/a>\n<\/div>\n \t\t <\/div>\n    <\/div>\n[\/vc_column][\/vc_row][vc_row][vc_column width=&#8221;2\/3&#8243;][vc_empty_space height=&#8221;2vh&#8221;][vc_column_text css=&#8221;.vc_custom_1773503202403{background-color: #ffffff !important;border-radius: 1px !important;}&#8221;]<\/p>\n<table border=\"0\" width=\"100%\" cellspacing=\"0\" cellpadding=\"0\">\n<tbody>\n<tr>\n<td>\n<div><strong>Ch\u00e0o m\u1eebng b\u1ea1n \u0111\u1ebfn v\u1edbi <a href=\"https:\/\/www.facebook.com\/Tranh.NguyenTac.PhuongMaiGallery\" target=\"_blank\" rel=\"noopener\">Phuong Mai Gallery<\/a>&#8230;<\/strong><\/div>\n<\/td>\n<\/tr>\n<\/tbody>\n<\/table>\n<table border=\"0\" width=\"100%\" cellspacing=\"0\" cellpadding=\"0\">\n<tbody>\n<tr>\n<td>&nbsp;<\/p>\n<p>Khi s\u00e1ng t\u00e1c m\u1ed9t t\u00e1c ph\u1ea9m ngh\u1ec7 thu\u1eadt, ng\u01b0\u1eddi ngh\u1ec7 s\u0129 d\u1ed3n to\u00e0n b\u1ed9 t\u00e2m tr\u00ed v\u00e0o c\u00e2y c\u1ecd v\u00e0 b\u1ea3ng m\u00e0u, v\u00e0o kho\u1ea3nh kh\u1eafc th\u0103ng hoa khi m\u1ecdi gi\u00e1c quan h\u00f2a l\u00e0m m\u1ed9t \u0111\u1ec3 t\u1ea1o n\u00ean s\u1ef1 th\u1ed1ng nh\u1ea5t, gi\u00fap \u00fd t\u01b0\u1edfng hay \u00fd th\u1ee9c tu\u00f4n ch\u1ea3y v\u00e0 h\u00f2a nh\u1ecbp v\u1edbi t\u1eebng n\u00e9t c\u1ecd. T\u1ea5t c\u1ea3 m\u00e0u s\u1eafc h\u00f2a quy\u1ec7n v\u1edbi nhau, t\u1ea1o n\u00ean \u0111\u01b0\u1eddng n\u00e9t, giai \u0111i\u1ec7u v\u00e0 c\u00e2u chuy\u1ec7n c\u1ee7a s\u1eafc m\u00e0u. K\u1ebft qu\u1ea3 l\u00e0 m\u1ed9t t\u00e1c ph\u1ea9m tuy\u1ec7t v\u1eddi ra \u0111\u1eddi v\u1edbi linh h\u1ed3n c\u1ee7a ri\u00eang n\u00f3. \u0110\u00f3 ch\u00ednh l\u00e0 s\u1ef1 ch\u00e2n th\u1ef1c trong \u00fd th\u1ee9c c\u1ee7a ng\u01b0\u1eddi ngh\u1ec7 s\u0129.<\/p>\n<p data-start=\"0\" data-end=\"430\">Nh\u1eefng ng\u01b0\u1eddi xem khi quan s\u00e1t t\u00e1c ph\u1ea9m m\u1ed9t c\u00e1ch t\u1ed5ng th\u1ec3 s\u1ebd c\u00f3 th\u1ec3 ch\u1ea1m \u0111\u1ebfn t\u00e2m h\u1ed3n c\u1ee7a t\u00e1c ph\u1ea9m m\u00e0 ngh\u1ec7 s\u0129 \u0111\u00e3 truy\u1ec1n v\u00e0o \u0111\u00f3. Trong kho\u1ea3nh kh\u1eafc \u1ea5y, c\u1ea3m x\u00fac c\u1ee7a ng\u01b0\u1eddi xem s\u1ebd h\u00f2a l\u00e0m m\u1ed9t v\u1edbi t\u00e2m h\u1ed3n c\u1ee7a ngh\u1ec7 s\u0129. H\u1ecd c\u00f3 th\u1ec3 c\u1ea3m nh\u1eadn \u0111\u01b0\u1ee3c v\u1ebb \u0111\u1eb9p v\u00e0 s\u1ef1 b\u00ecnh y\u00ean c\u1ee7a t\u00e1c ph\u1ea9m, nh\u01b0ng l\u1ea1i kh\u00f4ng th\u1ec3 di\u1ec5n t\u1ea3 b\u1eb1ng l\u1eddi, b\u1edfi n\u1ebfu \u0111\u1ec3 l\u00fd tr\u00ed can thi\u1ec7p, kho\u1ea3nh kh\u1eafc tuy\u1ec7t \u0111\u1eb9p \u1ea5y ch\u1eafc ch\u1eafn s\u1ebd bi\u1ebfn m\u1ea5t. \u0110\u00f3 ch\u00ednh l\u00e0 c\u1ea3m x\u00fac ch\u00e2n th\u1eadt c\u1ee7a ng\u01b0\u1eddi xem.<\/p>\n<p data-start=\"432\" data-end=\"1001\" data-is-last-node=\"\" data-is-only-node=\"\">\u0110\u00e3 g\u1eafn b\u00f3 v\u1edbi c\u00f4ng vi\u1ec7c li\u00ean quan \u0111\u1ebfn ph\u00f2ng tranh h\u01a1n 20 n\u0103m, t\u00f4i \u0111\u00e3 c\u00f3 nhi\u1ec1u tr\u1ea3i nghi\u1ec7m th\u1ef1c t\u1ebf nh\u01b0 tr\u00ean. M\u1ed7i l\u1ea7n ng\u1eafm nh\u00ecn m\u1ed9t b\u1ee9c tranh v\u1edbi s\u1ef1 t\u1eadp trung cao \u0111\u1ed9, t\u00f4i l\u1ea1i c\u00f3 nh\u1eefng c\u1ea3m nh\u1eadn kh\u00e1c nhau, v\u00e0 \u0111\u00f4i khi \u0111\u00f3 l\u00e0 nh\u1eefng suy ngh\u0129 v\u00f4 th\u1ee9c. Khi h\u1ecfi c\u00e1c ngh\u1ec7 s\u0129 v\u1ec1 c\u1ea3m x\u00fac c\u1ee7a h\u1ecd trong l\u00fac s\u00e1ng t\u00e1c, h\u1ea7u h\u1ebft \u0111\u1ec1u n\u00f3i r\u1eb1ng h\u1ecd kh\u00f4ng bi\u1ebft, r\u1eb1ng m\u1ecdi th\u1ee9 c\u1ee9 t\u1ef1 nhi\u00ean tu\u00f4n ch\u1ea3y nh\u01b0 v\u1eady. \u0110\u00f3 ch\u00ednh l\u00e0 \u0111i\u1ec1u m\u00e0 t\u00f4i g\u1ecdi l\u00e0 \u201ck\u1ef3 di\u1ec7u\u201d. Kho\u1ea3nh kh\u1eafc th\u0103ng hoa \u1ea5y ch\u00ednh l\u00e0 l\u00fac \u00fd th\u1ee9c c\u1ee7a ng\u01b0\u1eddi ngh\u1ec7 s\u0129 ti\u1ebfn g\u1ea7n nh\u1ea5t \u0111\u1ebfn thi\u1ec1n \u0111\u1ecbnh. H\u1ecd \u0111ang thi\u1ec1n trong t\u1eebng n\u00e9t c\u1ecd m\u00e0 kh\u00f4ng h\u1ec1 hay bi\u1ebft.<\/p>\n<p data-start=\"0\" data-end=\"250\">V\u00e0 m\u1ed9t t\u00e1c ph\u1ea9m ngh\u1ec7 thu\u1eadt ra \u0111\u1eddi ngay khi ng\u01b0\u1eddi ngh\u1ec7 s\u0129 \u0111\u1eb7t c\u1ecd xu\u1ed1ng. N\u00f3 tr\u1edf th\u00e0nh m\u1ed9t s\u1ea3n ph\u1ea9m c\u1ee7a t\u00e2m tr\u00ed v\u00e0 l\u00e0 m\u1ed9t ng\u01b0\u1eddi h\u1ecdc tr\u00f2 \u0111\u1ed1i v\u1edbi h\u1ecd. \u0110\u00f4i khi, h\u1ecd \u0111\u1eb7t t\u00ean cho n\u00f3, \u0111\u00f4i khi kh\u00f4ng. H\u1ecd \u0111\u1ec3 cho ng\u01b0\u1eddi xem t\u1ef1 \u0111\u1eb7t t\u00ean theo c\u1ea3m nh\u1eadn c\u1ee7a ri\u00eang m\u00ecnh.<\/p>\n<p data-start=\"252\" data-end=\"491\">Nh\u1eefng t\u00e1c ph\u1ea9m n\u00e0y \u0111\u01b0\u1ee3c t\u1ea1o ra theo c\u00e1ch m\u00e0 ch\u00fang v\u1ed1n d\u0129 n\u00ean nh\u01b0 v\u1eady, b\u1ea5t k\u1ec3 ngh\u1ec7 s\u0129 l\u00e0 ai, n\u1ed9i dung c\u1ee7a t\u00e1c ph\u1ea9m v\u1eabn s\u1ebd l\u00e0 y\u1ebfu t\u1ed1 quan tr\u1ecdng nh\u1ea5t. \u0110\u00e2y c\u0169ng ch\u00ednh l\u00e0 ho\u1ea1t \u0111\u1ed9ng ch\u1ee7 \u0111\u1ea1o c\u1ee7a ph\u00f2ng tr\u01b0ng b\u00e0y c\u1ee7a ch\u00fang t\u00f4i trong th\u1ef1c t\u1ea1i n\u00e0y.<\/p>\n<p data-start=\"493\" data-end=\"594\" data-is-last-node=\"\" data-is-only-node=\"\">T\u00f4i r\u1ea5t h\u00e2n h\u1ea1nh \u0111\u01b0\u1ee3c chia s\u1ebb c\u00f9ng t\u1ea5t c\u1ea3 c\u00e1c b\u1ea1n.<br data-start=\"543\" data-end=\"546\" \/><strong data-start=\"546\" data-end=\"594\" data-is-last-node=\"\">Steven Nguy\u1ec5n Quang C\u01b0\u1eddng \/ Gi\u00e1m \u0111\u1ed1c Ph\u00f2ng tr\u01b0ng b\u00e0y<\/strong><\/p>\n<\/td>\n<\/tr>\n<\/tbody>\n<\/table>\n<p>[\/vc_column_text][\/vc_column][vc_column width=&#8221;1\/3&#8243;][vc_row_inner][vc_column_inner][\/vc_column_inner][\/vc_row_inner][vc_images_carousel images=&#8221;519,1559&#8243; img_size=&#8221;Large image&#8221; css=&#8221;&#8221;][vc_gallery interval=&#8221;3&#8243; images=&#8221;1559,1561,1532&#8243; css=&#8221;&#8221;][vc_video link=&#8221;https:\/\/youtu.be\/-lgf4OoWmZs?si=y-dH-zPN-W8X4rPN&#8221; align=&#8221;center&#8221; css=&#8221;&#8221;][\/vc_column][\/vc_row][vc_row gap=&#8221;5&#8243;][vc_column width=&#8221;2\/3&#8243;][vc_column_text css=&#8221;&#8221;]<\/p>\n<table border=\"0\" width=\"100%\" cellspacing=\"0\" cellpadding=\"0\">\n<tbody>\n<tr>\n<td valign=\"top\">\n<p style=\"text-align: left;\" align=\"center\"><span class=\"text_title_organe\"><span class=\"text_title_organe\" style=\"color: #000000;\"><strong>MUA T\u00c1C PH\u1ea8M&#8230;<\/strong><\/span><\/span><\/p>\n<p align=\"center\"><span class=\"text_title_organe\"><span class=\"text_title_organe\" style=\"color: #000000;\"><strong><br \/>\nQUY\u1ec0N L\u1ee2I C\u1ee6A KH\u00c1CH H\u00c0NG T\u1ea0I<\/strong><\/span><\/span><span class=\"text_title_organe\"><strong><span style=\"color: #ff0000;\">\u00a0<\/span><span style=\"color: #00ff00;\">PH\u00d2NG TRI\u1ec2N L\u00c3M <span style=\"color: #ff0000;\">PH\u01af\u01a0NG MAI<\/span><\/span><\/strong><\/span><\/p>\n<\/td>\n<\/tr>\n<\/tbody>\n<\/table>\n<p align=\"justify\"><strong><span style=\"color: #ff0000;\">I. T\u01b0 v\u1ea5n:<\/span><\/strong><\/p>\n<p align=\"justify\">Ch\u00fang t\u00f4i, \u0111\u1ed9i ng\u0169 nh\u00e2n vi\u00ean c\u1ee7a ph\u00f2ng tranh, lu\u00f4n s\u1eb5n s\u00e0ng h\u1ed7 tr\u1ee3 kh\u00e1ch h\u00e0ng v\u1ec1 m\u1ecdi v\u1ea5n \u0111\u1ec1 li\u00ean quan \u0111\u1ebfn tranh bao g\u1ed3m: treo tranh (d\u1ef1a theo kh\u00f4ng gian s\u1ed1ng v\u00e0 phong th\u1ee7y,&#8230;) c\u0169ng nh\u01b0 \u0111\u1eb7t tranh. C\u00f3 2 c\u00e1ch \u0111\u1ec3 b\u1ea1n nh\u1eadn \u0111\u01b0\u1ee3c t\u01b0 v\u1ea5n:<\/p>\n<p align=\"justify\"><strong>Tr\u1ef1c ti\u1ebfp:<\/strong><\/p>\n<p align=\"justify\"><em>&#8211; T\u1ea1i Ph\u00f2ng tr\u01b0ng b\u00e0y Ph\u01b0\u01a1ng Mai: S\u1ed1 6, \u0110\u01b0\u1eddng Tr\u1ea7n Ph\u00fa, Ph\u01b0\u1eddng Ch\u1ee3 Qu\u00e1n, TP. H\u1ed3 Ch\u00ed Minh<\/em><\/p>\n<p align=\"justify\"><em>&#8211; T\u1ea1i nh\u00e0 kh\u00e1ch h\u00e0ng ho\u1eb7c kh\u00f4ng gian treo tranh (t\u1ea1i TP.HCM).<\/em><\/p>\n<p align=\"justify\"><strong>Gi\u00e1n ti\u1ebfp:<\/strong><\/p>\n<p align=\"justify\"><em>&#8211; Facebook: <a class=\"ttextlanguage\" href=\"https:\/\/www.facebook.com\/phuongmaigallery\">https:\/\/www.facebook.com\/phuongmaigallery<\/a>.<\/em><\/p>\n<p align=\"justify\"><em>&#8211; Website: <a class=\"ttextlanguage\" href=\"http:\/\/www.phuongmaigallery.com\/\">www.phuongmaigallery.com<\/a>.<\/em><\/p>\n<p align=\"justify\"><em>&#8211; Email: <a class=\"ttextlanguage\" href=\"mailto:pmg@phuongmaigallery.com\">pmg@phuongmaigallery.com<\/a> ho\u1eb7c <a class=\"ttextlanguage\" href=\"mailto:nqc@phuongmaigallery.com\">nqc@phuongmaigallery.com<\/a>.<\/em><\/p>\n<p align=\"justify\"><strong><span style=\"color: #ff0000;\">II. \u0110\u00f3ng g\u00f3i &amp; V\u1eadn chuy\u1ec3n:<\/span><\/strong><\/p>\n<p align=\"justify\"><em>&#8211; \u0110\u00f3ng g\u00f3i mi\u1ec5n ph\u00ed.<\/em><\/p>\n<p align=\"justify\"><em>&#8211; Giao h\u00e0ng mi\u1ec5n ph\u00ed cho c\u00e1c khu v\u1ef1c trong ph\u1ea1m vi Th\u00e0nh ph\u1ed1 H\u1ed3 Ch\u00ed Minh.<\/em><\/p>\n<p align=\"justify\"><em>&#8211; Ch\u00fang t\u00f4i c\u0169ng h\u1ed7 tr\u1ee3 b\u1ea1n 50% chi ph\u00ed giao h\u00e0ng \u0111\u1ed1i v\u1edbi c\u00e1c khu v\u1ef1c l\u00e2n c\u1eadn c\u00e1ch Th\u00e0nh ph\u1ed1 H\u1ed3 Ch\u00ed Minh kho\u1ea3ng 120km nh\u01b0 t\u1ec9nh \u0110\u1ed3ng Nai, t\u1ec9nh Long An,&#8230;<\/em><\/p>\n<p align=\"justify\"><strong><span style=\"color: #ff0000;\">III. B\u1ea3o h\u00e0nh &amp; B\u1ea3o hi\u1ec3m:<\/span><\/strong><\/p>\n<p align=\"justify\"><em>&#8211; B\u1ea3o h\u00e0nh khung mi\u1ec5n ph\u00ed 1 n\u0103m (ch\u1ec9 \u00e1p d\u1ee5ng cho khu v\u1ef1c TP.HCM): ch\u00fang t\u00f4i s\u1ebd c\u1eed nh\u00e2n vi\u00ean \u0111\u1ebfn ki\u1ec3m tra v\u00e0 l\u1eafp khung ho\u1eb7c \u0111\u1eb7t l\u1ecbch t\u1ea1i n\u01a1i b\u1ea1n y\u00eau c\u1ea7u.<\/em><\/p>\n<p align=\"justify\"><em>&#8211; G\u00f3i b\u1ea3o hi\u1ec3m h\u00e0ng h\u00f3a mi\u1ec5n ph\u00ed: Trong tr\u01b0\u1eddng h\u1ee3p v\u1eadn chuy\u1ec3n b\u1eb1ng \u0111\u01b0\u1eddng h\u00e0ng kh\u00f4ng ho\u1eb7c \u0111\u01b0\u1eddng bi\u1ec3n, ch\u00fang t\u00f4i mu\u1ed1n cung c\u1ea5p g\u00f3i b\u1ea3o hi\u1ec3m h\u00e0ng h\u00f3a mi\u1ec5n ph\u00ed (theo Ngh\u1ecb \u0111\u1ecbnh th\u01b0 Hague 1955 &#8211; B\u1ea3o hi\u1ec3m h\u00e0ng kh\u00f4ng).<\/em><\/p>\n<p align=\"justify\"><strong><span style=\"color: #ff0000;\">IV. L\u1ee3i \u00edch c\u1ee7a kh\u00e1ch h\u00e0ng :<\/span><\/strong><\/p>\n<p align=\"justify\">N\u1ebfu b\u1ea1n mua tranh, b\u1ea1n c\u00f3 th\u1ec3 c\u00f3 t\u1ea5t c\u1ea3 nh\u1eefng th\u1ee9 sau:<\/p>\n<p align=\"justify\"><em>&#8211; Catalogue c\u1ee7a Ph\u01b0\u01a1ng Mai Gallery.<\/em><\/p>\n<p align=\"justify\"><em>&#8211; Tin t\u1ee9c ngh\u1ec7 thu\u1eadt, th\u00f4ng tin s\u1ef1 ki\u1ec7n v\u00e0 b\u00e0i vi\u1ebft th\u01b0\u1eddng xuy\u00ean \u0111\u01b0\u1ee3c c\u1eadp nh\u1eadt qua email c\u1ee7a b\u1ea1n.<\/em><\/p>\n<p align=\"justify\"><em>&#8211; Phi\u1ebfu th\u01b0\u1edfng th\u1ee9c \u0111\u1ed3 \u0103n, th\u1ee9c u\u1ed1ng t\u1ea1i Nh\u00e0 h\u00e0ng chay Ph\u01b0\u01a1ng Mai.<\/em><\/p>\n<p align=\"justify\"><em>&#8211; V\u00e9 tham d\u1ef1 nhi\u1ec1u s\u1ef1 ki\u1ec7n ngh\u1ec7 thu\u1eadt v\u00e0 tri\u1ec3n l\u00e3m th\u01b0\u1eddng xuy\u00ean \u0111\u01b0\u1ee3c t\u1ed5 ch\u1ee9c b\u1edfi Ph\u01b0\u01a1ng Mai Gallery v\u00e0 Nh\u00e0 h\u00e0ng chay Ph\u01b0\u01a1ng Mai.<\/em><\/p>\n<p>[\/vc_column_text][\/vc_column][vc_column width=&#8221;1\/3&#8243;][vc_row_inner][vc_column_inner][vc_column_text css=&#8221;&#8221;][\/vc_column_text][vc_column_text css=&#8221;&#8221;][\/vc_column_text][\/vc_column_inner][vc_column_inner][\/vc_column_inner][\/vc_row_inner][vc_gallery interval=&#8221;3&#8243; images=&#8221;673,604,599&#8243; css=&#8221;&#8221;][vc_gallery interval=&#8221;3&#8243; images=&#8221;624,622,689&#8243; css=&#8221;&#8221;][\/vc_column][\/vc_row]<\/p>\n<\/div>","protected":false},"excerpt":{"rendered":"<p>[vc_row full_width=&#8221;stretch_row_content_no_spaces&#8221;][vc_column][\/vc_column][\/vc_row][vc_row][vc_column width=&#8221;2\/3&#8243;][vc_empty_space height=&#8221;2vh&#8221;][vc_column_text css=&#8221;.vc_custom_1773503202403{background-color: #ffffff !important;border-radius: 1px !important;}&#8221;] Ch\u00e0o m\u1eebng b\u1ea1n \u0111\u1ebfn v\u1edbi Phuong Mai Gallery&#8230; &nbsp; Khi s\u00e1ng t\u00e1c m\u1ed9t t\u00e1c ph\u1ea9m ngh\u1ec7 thu\u1eadt, ng\u01b0\u1eddi ngh\u1ec7 s\u0129 d\u1ed3n to\u00e0n b\u1ed9 t\u00e2m tr\u00ed v\u00e0o c\u00e2y c\u1ecd v\u00e0 b\u1ea3ng m\u00e0u, v\u00e0o kho\u1ea3nh kh\u1eafc th\u0103ng hoa khi m\u1ecdi gi\u00e1c quan h\u00f2a l\u00e0m m\u1ed9t \u0111\u1ec3 t\u1ea1o n\u00ean<\/p>\n","protected":false},"author":1,"featured_media":0,"parent":0,"menu_order":0,"comment_status":"closed","ping_status":"closed","template":"page-templates\/fullwidthpage.php","meta":{"_acf_changed":false,"footnotes":""},"class_list":["post-3193","page","type-page","status-publish","hentry"],"acf":[],"yoast_head":"<!-- This site is optimized with the Yoast SEO plugin v26.5 - https:\/\/yoast.com\/wordpress\/plugins\/seo\/ -->\n<title>Gi\u1edbi thi\u1ec7u - Phuong Mai Gallery<\/title>\n<meta name=\"robots\" content=\"index, follow, max-snippet:-1, max-image-preview:large, max-video-preview:-1\" \/>\n<link rel=\"canonical\" href=\"https:\/\/phuongmaigallery.com\/vi\/gioi-thieu\/\" \/>\n<meta property=\"og:locale\" content=\"vi_VN\" \/>\n<meta property=\"og:type\" content=\"article\" \/>\n<meta property=\"og:title\" content=\"Gi\u1edbi thi\u1ec7u - Phuong Mai Gallery\" \/>\n<meta property=\"og:description\" content=\"[vc_row full_width=&#8221;stretch_row_content_no_spaces&#8221;][vc_column][\/vc_column][\/vc_row][vc_row][vc_column width=&#8221;2\/3&#8243;][vc_empty_space height=&#8221;2vh&#8221;][vc_column_text css=&#8221;.vc_custom_1773503202403{background-color: #ffffff !important;border-radius: 1px !important;}&#8221;] Ch\u00e0o m\u1eebng b\u1ea1n \u0111\u1ebfn v\u1edbi Phuong Mai Gallery&#8230; &nbsp; Khi s\u00e1ng t\u00e1c m\u1ed9t t\u00e1c ph\u1ea9m ngh\u1ec7 thu\u1eadt, ng\u01b0\u1eddi ngh\u1ec7 s\u0129 d\u1ed3n to\u00e0n b\u1ed9 t\u00e2m tr\u00ed v\u00e0o c\u00e2y c\u1ecd v\u00e0 b\u1ea3ng m\u00e0u, v\u00e0o kho\u1ea3nh kh\u1eafc th\u0103ng hoa khi m\u1ecdi gi\u00e1c quan h\u00f2a l\u00e0m m\u1ed9t \u0111\u1ec3 t\u1ea1o n\u00ean\" \/>\n<meta property=\"og:url\" content=\"https:\/\/phuongmaigallery.com\/vi\/gioi-thieu\/\" \/>\n<meta property=\"og:site_name\" content=\"Phuong Mai Gallery\" \/>\n<meta property=\"article:modified_time\" content=\"2026-03-16T04:17:54+00:00\" \/>\n<meta name=\"twitter:card\" content=\"summary_large_image\" \/>\n<meta name=\"twitter:label1\" content=\"Est. reading time\" \/>\n\t<meta name=\"twitter:data1\" content=\"4 minutes\" \/>\n<script type=\"application\/ld+json\" class=\"yoast-schema-graph\">{\"@context\":\"https:\/\/schema.org\",\"@graph\":[{\"@type\":\"WebPage\",\"@id\":\"https:\/\/phuongmaigallery.com\/vi\/gioi-thieu\/\",\"url\":\"https:\/\/phuongmaigallery.com\/vi\/gioi-thieu\/\",\"name\":\"Gi\u1edbi thi\u1ec7u - Phuong Mai Gallery\",\"isPartOf\":{\"@id\":\"https:\/\/phuongmaigallery.com\/#website\"},\"datePublished\":\"2025-02-27T04:58:41+00:00\",\"dateModified\":\"2026-03-16T04:17:54+00:00\",\"breadcrumb\":{\"@id\":\"https:\/\/phuongmaigallery.com\/vi\/gioi-thieu\/#breadcrumb\"},\"inLanguage\":\"vi-VN\",\"potentialAction\":[{\"@type\":\"ReadAction\",\"target\":[\"https:\/\/phuongmaigallery.com\/vi\/gioi-thieu\/\"]}]},{\"@type\":\"BreadcrumbList\",\"@id\":\"https:\/\/phuongmaigallery.com\/vi\/gioi-thieu\/#breadcrumb\",\"itemListElement\":[{\"@type\":\"ListItem\",\"position\":1,\"name\":\"Home\",\"item\":\"https:\/\/phuongmaigallery.com\/vi\/\"},{\"@type\":\"ListItem\",\"position\":2,\"name\":\"Gi\u1edbi thi\u1ec7u\"}]},{\"@type\":\"WebSite\",\"@id\":\"https:\/\/phuongmaigallery.com\/#website\",\"url\":\"https:\/\/phuongmaigallery.com\/\",\"name\":\"Phuong Mai Gallery\",\"description\":\"Explore Exquisite Asian Art Online by Vietnam Artist\",\"potentialAction\":[{\"@type\":\"SearchAction\",\"target\":{\"@type\":\"EntryPoint\",\"urlTemplate\":\"https:\/\/phuongmaigallery.com\/?s={search_term_string}\"},\"query-input\":{\"@type\":\"PropertyValueSpecification\",\"valueRequired\":true,\"valueName\":\"search_term_string\"}}],\"inLanguage\":\"vi-VN\"}]}<\/script>\n<!-- \/ Yoast SEO plugin. -->","yoast_head_json":{"title":"Gi\u1edbi thi\u1ec7u - Phuong Mai Gallery","robots":{"index":"index","follow":"follow","max-snippet":"max-snippet:-1","max-image-preview":"max-image-preview:large","max-video-preview":"max-video-preview:-1"},"canonical":"https:\/\/phuongmaigallery.com\/vi\/gioi-thieu\/","og_locale":"vi_VN","og_type":"article","og_title":"Gi\u1edbi thi\u1ec7u - Phuong Mai Gallery","og_description":"[vc_row full_width=&#8221;stretch_row_content_no_spaces&#8221;][vc_column][\/vc_column][\/vc_row][vc_row][vc_column width=&#8221;2\/3&#8243;][vc_empty_space height=&#8221;2vh&#8221;][vc_column_text css=&#8221;.vc_custom_1773503202403{background-color: #ffffff !important;border-radius: 1px !important;}&#8221;] Ch\u00e0o m\u1eebng b\u1ea1n \u0111\u1ebfn v\u1edbi Phuong Mai Gallery&#8230; &nbsp; Khi s\u00e1ng t\u00e1c m\u1ed9t t\u00e1c ph\u1ea9m ngh\u1ec7 thu\u1eadt, ng\u01b0\u1eddi ngh\u1ec7 s\u0129 d\u1ed3n to\u00e0n b\u1ed9 t\u00e2m tr\u00ed v\u00e0o c\u00e2y c\u1ecd v\u00e0 b\u1ea3ng m\u00e0u, v\u00e0o kho\u1ea3nh kh\u1eafc th\u0103ng hoa khi m\u1ecdi gi\u00e1c quan h\u00f2a l\u00e0m m\u1ed9t \u0111\u1ec3 t\u1ea1o n\u00ean","og_url":"https:\/\/phuongmaigallery.com\/vi\/gioi-thieu\/","og_site_name":"Phuong Mai Gallery","article_modified_time":"2026-03-16T04:17:54+00:00","twitter_card":"summary_large_image","twitter_misc":{"Est. reading time":"4 minutes"},"schema":{"@context":"https:\/\/schema.org","@graph":[{"@type":"WebPage","@id":"https:\/\/phuongmaigallery.com\/vi\/gioi-thieu\/","url":"https:\/\/phuongmaigallery.com\/vi\/gioi-thieu\/","name":"Gi\u1edbi thi\u1ec7u - Phuong Mai Gallery","isPartOf":{"@id":"https:\/\/phuongmaigallery.com\/#website"},"datePublished":"2025-02-27T04:58:41+00:00","dateModified":"2026-03-16T04:17:54+00:00","breadcrumb":{"@id":"https:\/\/phuongmaigallery.com\/vi\/gioi-thieu\/#breadcrumb"},"inLanguage":"vi-VN","potentialAction":[{"@type":"ReadAction","target":["https:\/\/phuongmaigallery.com\/vi\/gioi-thieu\/"]}]},{"@type":"BreadcrumbList","@id":"https:\/\/phuongmaigallery.com\/vi\/gioi-thieu\/#breadcrumb","itemListElement":[{"@type":"ListItem","position":1,"name":"Home","item":"https:\/\/phuongmaigallery.com\/vi\/"},{"@type":"ListItem","position":2,"name":"Gi\u1edbi thi\u1ec7u"}]},{"@type":"WebSite","@id":"https:\/\/phuongmaigallery.com\/#website","url":"https:\/\/phuongmaigallery.com\/","name":"Phuong Mai Gallery","description":"Explore Exquisite Asian Art Online by Vietnam Artist","potentialAction":[{"@type":"SearchAction","target":{"@type":"EntryPoint","urlTemplate":"https:\/\/phuongmaigallery.com\/?s={search_term_string}"},"query-input":{"@type":"PropertyValueSpecification","valueRequired":true,"valueName":"search_term_string"}}],"inLanguage":"vi-VN"}]}},"_links":{"self":[{"href":"https:\/\/phuongmaigallery.com\/vi\/wp-json\/wp\/v2\/pages\/3193","targetHints":{"allow":["GET"]}}],"collection":[{"href":"https:\/\/phuongmaigallery.com\/vi\/wp-json\/wp\/v2\/pages"}],"about":[{"href":"https:\/\/phuongmaigallery.com\/vi\/wp-json\/wp\/v2\/types\/page"}],"author":[{"embeddable":true,"href":"https:\/\/phuongmaigallery.com\/vi\/wp-json\/wp\/v2\/users\/1"}],"replies":[{"embeddable":true,"href":"https:\/\/phuongmaigallery.com\/vi\/wp-json\/wp\/v2\/comments?post=3193"}],"version-history":[{"count":13,"href":"https:\/\/phuongmaigallery.com\/vi\/wp-json\/wp\/v2\/pages\/3193\/revisions"}],"predecessor-version":[{"id":5632,"href":"https:\/\/phuongmaigallery.com\/vi\/wp-json\/wp\/v2\/pages\/3193\/revisions\/5632"}],"wp:attachment":[{"href":"https:\/\/phuongmaigallery.com\/vi\/wp-json\/wp\/v2\/media?parent=3193"}],"curies":[{"name":"wp","href":"https:\/\/api.w.org\/{rel}","templated":true}]}}