{"id":3208,"date":"2025-02-27T15:21:57","date_gmt":"2025-02-27T08:21:57","guid":{"rendered":"https:\/\/phuongmaigallery.com\/?page_id=3208"},"modified":"2025-02-27T15:21:57","modified_gmt":"2025-02-27T08:21:57","slug":"chinh-sach-tra-hang","status":"publish","type":"page","link":"https:\/\/phuongmaigallery.com\/vi\/chinh-sach-tra-hang\/","title":{"rendered":"Ch\u00ednh s\u00e1ch tr\u1ea3 h\u00e0ng"},"content":{"rendered":"<div class=\"wpb-content-wrapper\"><p>[vc_row][vc_column][vc_column_text css=&#8221;&#8221;]Ch\u00fang t\u00f4i, phuongmaigallery.com, mu\u1ed1n b\u1ea1n h\u00e0i l\u00f2ng v\u1edbi \u0111\u01a1n h\u00e0ng c\u1ee7a m\u00ecnh.<br \/>\nCh\u00fang t\u00f4i s\u1ebd kh\u00f4ng ch\u1ea5p nh\u1eadn b\u1ea5t k\u1ef3 vi\u1ec7c h\u1ee7y v\u00e0 tr\u1ea3 h\u00e0ng n\u00e0o sau khi \u0111\u00e3 \u0111\u1ea1t \u0111\u01b0\u1ee3c th\u1ecfa thu\u1eadn mua b\u00e1n v\u00e0 t\u00e1c ph\u1ea9m ngh\u1ec7 thu\u1eadt \u0111\u00e3 \u0111\u01b0\u1ee3c chuy\u1ec3n \u0111i. Tuy nhi\u00ean, n\u1ebfu b\u1ea1n nh\u1eadn \u0111\u01b0\u1ee3c s\u1ea3n ph\u1ea9m sai ho\u1eb7c n\u1ebfu c\u00f3 v\u1ea5n \u0111\u1ec1 v\u1ec1 ch\u1ea5t l\u01b0\u1ee3ng ho\u1eb7c h\u01b0 h\u1ecfng, h\u00e3y <u><a class=\"textbody\" href=\"http:\/\/phuongmaigallery.com\/phuongmai\/en\/About-Us\/Contact-Us\/\" target=\"_blank\" rel=\"noopener\"><span style=\"color: #0000ff;\">li\u00ean h\u1ec7 v\u1edbi ch\u00fang t\u00f4i<\/span><\/a><\/u> qua email trong v\u00f2ng ba ng\u00e0y sau khi t\u00e1c ph\u1ea9m ngh\u1ec7 thu\u1eadt \u0111\u1ebfn \u0111\u1ecba ch\u1ec9 c\u1ee7a b\u1ea1n. Ch\u00fang t\u00f4i s\u1ebd kh\u00f4ng ch\u1ea5p nh\u1eadn b\u1ea5t k\u1ef3 khi\u1ebfu n\u1ea1i v\u00e0 y\u00eau c\u1ea7u ho\u00e0n ti\u1ec1n n\u00e0o sau ba ng\u00e0y tr\u00f4i qua k\u1ec3 t\u1eeb khi t\u00e1c ph\u1ea9m ngh\u1ec7 thu\u1eadt \u0111\u1ebfn \u0111\u1ecba ch\u1ec9 c\u1ee7a b\u1ea1n.[\/vc_column_text][\/vc_column][\/vc_row]<\/p>\n<\/div>","protected":false},"excerpt":{"rendered":"<p>[vc_row][vc_column][vc_column_text css=&#8221;&#8221;]Ch\u00fang t\u00f4i, phuongmaigallery.com, mu\u1ed1n b\u1ea1n h\u00e0i l\u00f2ng v\u1edbi \u0111\u01a1n h\u00e0ng c\u1ee7a m\u00ecnh. Ch\u00fang t\u00f4i s\u1ebd kh\u00f4ng ch\u1ea5p nh\u1eadn b\u1ea5t k\u1ef3 vi\u1ec7c h\u1ee7y v\u00e0 tr\u1ea3 h\u00e0ng n\u00e0o sau khi \u0111\u00e3 \u0111\u1ea1t \u0111\u01b0\u1ee3c th\u1ecfa thu\u1eadn mua b\u00e1n v\u00e0 t\u00e1c ph\u1ea9m ngh\u1ec7 thu\u1eadt \u0111\u00e3 \u0111\u01b0\u1ee3c chuy\u1ec3n \u0111i. Tuy nhi\u00ean, n\u1ebfu b\u1ea1n nh\u1eadn \u0111\u01b0\u1ee3c s\u1ea3n ph\u1ea9m sai ho\u1eb7c<\/p>\n","protected":false},"author":1,"featured_media":0,"parent":0,"menu_order":0,"comment_status":"closed","ping_status":"closed","template":"page-templates\/fullwidthpage.php","meta":{"_acf_changed":false,"footnotes":""},"class_list":["post-3208","page","type-page","status-publish","hentry"],"acf":[],"yoast_head":"<!-- This site is optimized with the Yoast SEO plugin v26.5 - https:\/\/yoast.com\/wordpress\/plugins\/seo\/ -->\n<title>Ch\u00ednh s\u00e1ch tr\u1ea3 h\u00e0ng - Phuong Mai Gallery<\/title>\n<meta name=\"robots\" content=\"index, follow, max-snippet:-1, max-image-preview:large, max-video-preview:-1\" \/>\n<link rel=\"canonical\" href=\"https:\/\/phuongmaigallery.com\/vi\/chinh-sach-tra-hang\/\" \/>\n<meta property=\"og:locale\" content=\"vi_VN\" \/>\n<meta property=\"og:type\" content=\"article\" \/>\n<meta property=\"og:title\" content=\"Ch\u00ednh s\u00e1ch tr\u1ea3 h\u00e0ng - Phuong Mai Gallery\" \/>\n<meta property=\"og:description\" content=\"[vc_row][vc_column][vc_column_text css=&#8221;&#8221;]Ch\u00fang t\u00f4i, phuongmaigallery.com, mu\u1ed1n b\u1ea1n h\u00e0i l\u00f2ng v\u1edbi \u0111\u01a1n h\u00e0ng c\u1ee7a m\u00ecnh. Ch\u00fang t\u00f4i s\u1ebd kh\u00f4ng ch\u1ea5p nh\u1eadn b\u1ea5t k\u1ef3 vi\u1ec7c h\u1ee7y v\u00e0 tr\u1ea3 h\u00e0ng n\u00e0o sau khi \u0111\u00e3 \u0111\u1ea1t \u0111\u01b0\u1ee3c th\u1ecfa thu\u1eadn mua b\u00e1n v\u00e0 t\u00e1c ph\u1ea9m ngh\u1ec7 thu\u1eadt \u0111\u00e3 \u0111\u01b0\u1ee3c chuy\u1ec3n \u0111i. Tuy nhi\u00ean, n\u1ebfu b\u1ea1n nh\u1eadn \u0111\u01b0\u1ee3c s\u1ea3n ph\u1ea9m sai ho\u1eb7c\" \/>\n<meta property=\"og:url\" content=\"https:\/\/phuongmaigallery.com\/vi\/chinh-sach-tra-hang\/\" \/>\n<meta property=\"og:site_name\" content=\"Phuong Mai Gallery\" \/>\n<meta name=\"twitter:card\" content=\"summary_large_image\" \/>\n<meta name=\"twitter:label1\" content=\"Est. reading time\" \/>\n\t<meta name=\"twitter:data1\" content=\"1 minute\" \/>\n<script type=\"application\/ld+json\" class=\"yoast-schema-graph\">{\"@context\":\"https:\/\/schema.org\",\"@graph\":[{\"@type\":\"WebPage\",\"@id\":\"https:\/\/phuongmaigallery.com\/vi\/chinh-sach-tra-hang\/\",\"url\":\"https:\/\/phuongmaigallery.com\/vi\/chinh-sach-tra-hang\/\",\"name\":\"Ch\u00ednh s\u00e1ch tr\u1ea3 h\u00e0ng - Phuong Mai Gallery\",\"isPartOf\":{\"@id\":\"https:\/\/phuongmaigallery.com\/#website\"},\"datePublished\":\"2025-02-27T08:21:57+00:00\",\"breadcrumb\":{\"@id\":\"https:\/\/phuongmaigallery.com\/vi\/chinh-sach-tra-hang\/#breadcrumb\"},\"inLanguage\":\"vi-VN\",\"potentialAction\":[{\"@type\":\"ReadAction\",\"target\":[\"https:\/\/phuongmaigallery.com\/vi\/chinh-sach-tra-hang\/\"]}]},{\"@type\":\"BreadcrumbList\",\"@id\":\"https:\/\/phuongmaigallery.com\/vi\/chinh-sach-tra-hang\/#breadcrumb\",\"itemListElement\":[{\"@type\":\"ListItem\",\"position\":1,\"name\":\"Home\",\"item\":\"https:\/\/phuongmaigallery.com\/vi\/\"},{\"@type\":\"ListItem\",\"position\":2,\"name\":\"Ch\u00ednh s\u00e1ch tr\u1ea3 h\u00e0ng\"}]},{\"@type\":\"WebSite\",\"@id\":\"https:\/\/phuongmaigallery.com\/#website\",\"url\":\"https:\/\/phuongmaigallery.com\/\",\"name\":\"Phuong Mai Gallery\",\"description\":\"Explore Exquisite Asian Art Online by Vietnam Artist\",\"potentialAction\":[{\"@type\":\"SearchAction\",\"target\":{\"@type\":\"EntryPoint\",\"urlTemplate\":\"https:\/\/phuongmaigallery.com\/?s={search_term_string}\"},\"query-input\":{\"@type\":\"PropertyValueSpecification\",\"valueRequired\":true,\"valueName\":\"search_term_string\"}}],\"inLanguage\":\"vi-VN\"}]}<\/script>\n<!-- \/ Yoast SEO plugin. -->","yoast_head_json":{"title":"Ch\u00ednh s\u00e1ch tr\u1ea3 h\u00e0ng - Phuong Mai Gallery","robots":{"index":"index","follow":"follow","max-snippet":"max-snippet:-1","max-image-preview":"max-image-preview:large","max-video-preview":"max-video-preview:-1"},"canonical":"https:\/\/phuongmaigallery.com\/vi\/chinh-sach-tra-hang\/","og_locale":"vi_VN","og_type":"article","og_title":"Ch\u00ednh s\u00e1ch tr\u1ea3 h\u00e0ng - Phuong Mai Gallery","og_description":"[vc_row][vc_column][vc_column_text css=&#8221;&#8221;]Ch\u00fang t\u00f4i, phuongmaigallery.com, mu\u1ed1n b\u1ea1n h\u00e0i l\u00f2ng v\u1edbi \u0111\u01a1n h\u00e0ng c\u1ee7a m\u00ecnh. Ch\u00fang t\u00f4i s\u1ebd kh\u00f4ng ch\u1ea5p nh\u1eadn b\u1ea5t k\u1ef3 vi\u1ec7c h\u1ee7y v\u00e0 tr\u1ea3 h\u00e0ng n\u00e0o sau khi \u0111\u00e3 \u0111\u1ea1t \u0111\u01b0\u1ee3c th\u1ecfa thu\u1eadn mua b\u00e1n v\u00e0 t\u00e1c ph\u1ea9m ngh\u1ec7 thu\u1eadt \u0111\u00e3 \u0111\u01b0\u1ee3c chuy\u1ec3n \u0111i. Tuy nhi\u00ean, n\u1ebfu b\u1ea1n nh\u1eadn \u0111\u01b0\u1ee3c s\u1ea3n ph\u1ea9m sai ho\u1eb7c","og_url":"https:\/\/phuongmaigallery.com\/vi\/chinh-sach-tra-hang\/","og_site_name":"Phuong Mai Gallery","twitter_card":"summary_large_image","twitter_misc":{"Est. reading time":"1 minute"},"schema":{"@context":"https:\/\/schema.org","@graph":[{"@type":"WebPage","@id":"https:\/\/phuongmaigallery.com\/vi\/chinh-sach-tra-hang\/","url":"https:\/\/phuongmaigallery.com\/vi\/chinh-sach-tra-hang\/","name":"Ch\u00ednh s\u00e1ch tr\u1ea3 h\u00e0ng - Phuong Mai Gallery","isPartOf":{"@id":"https:\/\/phuongmaigallery.com\/#website"},"datePublished":"2025-02-27T08:21:57+00:00","breadcrumb":{"@id":"https:\/\/phuongmaigallery.com\/vi\/chinh-sach-tra-hang\/#breadcrumb"},"inLanguage":"vi-VN","potentialAction":[{"@type":"ReadAction","target":["https:\/\/phuongmaigallery.com\/vi\/chinh-sach-tra-hang\/"]}]},{"@type":"BreadcrumbList","@id":"https:\/\/phuongmaigallery.com\/vi\/chinh-sach-tra-hang\/#breadcrumb","itemListElement":[{"@type":"ListItem","position":1,"name":"Home","item":"https:\/\/phuongmaigallery.com\/vi\/"},{"@type":"ListItem","position":2,"name":"Ch\u00ednh s\u00e1ch tr\u1ea3 h\u00e0ng"}]},{"@type":"WebSite","@id":"https:\/\/phuongmaigallery.com\/#website","url":"https:\/\/phuongmaigallery.com\/","name":"Phuong Mai Gallery","description":"Explore Exquisite Asian Art Online by Vietnam Artist","potentialAction":[{"@type":"SearchAction","target":{"@type":"EntryPoint","urlTemplate":"https:\/\/phuongmaigallery.com\/?s={search_term_string}"},"query-input":{"@type":"PropertyValueSpecification","valueRequired":true,"valueName":"search_term_string"}}],"inLanguage":"vi-VN"}]}},"_links":{"self":[{"href":"https:\/\/phuongmaigallery.com\/vi\/wp-json\/wp\/v2\/pages\/3208","targetHints":{"allow":["GET"]}}],"collection":[{"href":"https:\/\/phuongmaigallery.com\/vi\/wp-json\/wp\/v2\/pages"}],"about":[{"href":"https:\/\/phuongmaigallery.com\/vi\/wp-json\/wp\/v2\/types\/page"}],"author":[{"embeddable":true,"href":"https:\/\/phuongmaigallery.com\/vi\/wp-json\/wp\/v2\/users\/1"}],"replies":[{"embeddable":true,"href":"https:\/\/phuongmaigallery.com\/vi\/wp-json\/wp\/v2\/comments?post=3208"}],"version-history":[{"count":1,"href":"https:\/\/phuongmaigallery.com\/vi\/wp-json\/wp\/v2\/pages\/3208\/revisions"}],"predecessor-version":[{"id":3209,"href":"https:\/\/phuongmaigallery.com\/vi\/wp-json\/wp\/v2\/pages\/3208\/revisions\/3209"}],"wp:attachment":[{"href":"https:\/\/phuongmaigallery.com\/vi\/wp-json\/wp\/v2\/media?parent=3208"}],"curies":[{"name":"wp","href":"https:\/\/api.w.org\/{rel}","templated":true}]}}