{"id":3210,"date":"2025-02-27T15:34:17","date_gmt":"2025-02-27T08:34:17","guid":{"rendered":"https:\/\/phuongmaigallery.com\/?page_id=3210"},"modified":"2025-02-27T15:34:17","modified_gmt":"2025-02-27T08:34:17","slug":"chinh-sach-van-chuyen","status":"publish","type":"page","link":"https:\/\/phuongmaigallery.com\/vi\/chinh-sach-van-chuyen\/","title":{"rendered":"Ch\u00ednh s\u00e1ch v\u1eadn chuy\u1ec3n"},"content":{"rendered":"<div class=\"wpb-content-wrapper\"><p>[vc_row][vc_column][vc_column_text css=&#8221;&#8221;]<\/p>\n<table border=\"0\" cellspacing=\"0\" cellpadding=\"0\">\n<tbody>\n<tr>\n<td class=\"textbody\" valign=\"top\">Ng\u00e0y c\u00f3 hi\u1ec7u l\u1ef1c c\u1ee7a Th\u1ecfa thu\u1eadn n\u00e0y l\u00e0 ng\u00e0y 15 th\u00e1ng 7 n\u0103m 2009<br \/>\n<img loading=\"lazy\" decoding=\"async\" class=\" wp-image-500 alignright\" src=\"http:\/\/phuongmai.southteam.co\/wp-content\/uploads\/2024\/10\/hinh-co-khung.jpg\" alt=\"\" width=\"374\" height=\"378\" srcset=\"https:\/\/phuongmaigallery.com\/wp-content\/uploads\/2024\/10\/hinh-co-khung.jpg 200w, https:\/\/phuongmaigallery.com\/wp-content\/uploads\/2024\/10\/hinh-co-khung-100x100.jpg 100w\" sizes=\"auto, (max-width: 374px) 100vw, 374px\" \/><strong>C.1 Th\u00f4ng tin v\u1eadn chuy\u1ec3n:<\/strong><\/p>\n<p>Ch\u00fang t\u00f4i giao h\u00e0ng qu\u1ed1c t\u1ebf. D\u1ecbch v\u1ee5 n\u00e0y l\u00e0 giao h\u00e0ng t\u1eadn n\u01a1i.<\/p>\n<p>Ch\u00fang t\u00f4i h\u1ee3p t\u00e1c v\u1edbi h\u00e3ng v\u1eadn chuy\u1ec3n nhanh FedEx, TNT, DHL v\u00e0 h\u00e3ng v\u1eadn chuy\u1ec3n kh\u00f4ng nhanh b\u1eb1ng \u0111\u01b0\u1eddng h\u00e0ng kh\u00f4ng (v\u1edbi chi ph\u00ed th\u1ea5p h\u01a1n trong tr\u01b0\u1eddng h\u1ee3p kh\u00f4ng kh\u1ea9n c\u1ea5p v\u1edbi kh\u1ed1i l\u01b0\u1ee3ng c\u1ee7a g\u00f3i h\u00e0ng l\u00ean t\u1edbi 100kg) \u0111\u1ec3 v\u1eadn chuy\u1ec3n s\u01a1n tr\u00ean to\u00e0n th\u1ebf gi\u1edbi.B\u1eb1ng d\u1ecbch v\u1ee5 chuy\u1ec3n ph\u00e1t nhanh, th\u1eddi gian giao h\u00e0ng l\u00e0 2-3 ng\u00e0y l\u00e0m vi\u1ec7c \u0111\u1ebfn c\u00e1c n\u01b0\u1edbc ASEAN qua FedEx, TNT ho\u1eb7c DHL; 3-6 ng\u00e0y l\u00e0m vi\u1ec7c \u0111\u1ebfn c\u00e1c n\u01b0\u1edbc Ch\u00e2u \u00c1 kh\u00e1c v\u00e0 kho\u1ea3ng 5-7 ng\u00e0y l\u00e0m vi\u1ec7c \u0111\u1ebfn Hoa K\u1ef3, Canada, Ch\u00e2u \u00c2u v\u00e0 c\u00e1c n\u01b0\u1edbc c\u00f2n l\u1ea1i.<br \/>\nV\u1edbi h\u00ecnh th\u1ee9c chuy\u1ec3n ph\u00e1t kh\u00f4ng nhanh, th\u1eddi gian giao h\u00e0ng l\u00e0 5-7 ng\u00e0y l\u00e0m vi\u1ec7c \u0111\u1ed1i v\u1edbi c\u00e1c n\u01b0\u1edbc ASEAN b\u1eb1ng \u0111\u01b0\u1eddng h\u00e0ng kh\u00f4ng; 7-10 ng\u00e0y l\u00e0m vi\u1ec7c \u0111\u1ed1i v\u1edbi c\u00e1c n\u01b0\u1edbc Ch\u00e2u \u00c1 kh\u00e1c v\u00e0 kho\u1ea3ng 10-14 ng\u00e0y l\u00e0m vi\u1ec7c \u0111\u1ed1i v\u1edbi Hoa K\u1ef3, Canada, Ch\u00e2u \u00c2u v\u00e0 c\u00e1c n\u01b0\u1edbc c\u00f2n l\u1ea1i.<\/p>\n<p>Ch\u00fang t\u00f4i s\u1ebd giao h\u00e0ng trong v\u00f2ng 1-3 ng\u00e0y l\u00e0m vi\u1ec7c khi b\u1ea1n \u0111\u1eb7t h\u00e0ng v\u00e0 thanh to\u00e1n.<\/p>\n<p><strong>C.2 Chi ph\u00ed v\u1eadn chuy\u1ec3n:<\/strong><br \/>\nChi ph\u00ed v\u1eadn chuy\u1ec3n ph\u1ee5 thu\u1ed9c v\u00e0o t\u1ed5ng tr\u1ecdng l\u01b0\u1ee3ng ho\u1eb7c th\u1ec3 t\u00edch c\u1ee7a g\u00f3i h\u00e0ng v\u00e0 \u0111i\u1ec3m \u0111\u1ebfn. Gi\u00e1 trung b\u00ecnh cho tranh v\u1ea3i canvas (100x100cm) \u0111\u01b0\u1ee3c v\u1eadn chuy\u1ec3n trong \u1ed1ng b\u1eb1ng Express l\u00e0 80 \u0111\u00f4 la M\u1ef9 \u0111\u1ebfn Ch\u00e2u \u00c1; 120 \u0111\u00f4 la M\u1ef9 \u0111\u1ebfn Hoa K\u1ef3, Canada, Ch\u00e2u \u00c2u v\u00e0 150 \u0111\u00f4 la M\u1ef9 \u0111\u1ebfn c\u00e1c n\u01a1i c\u00f2n l\u1ea1i.<\/p>\n<p>Trong tr\u01b0\u1eddng h\u1ee3p tranh \u0111\u01b0\u1ee3c v\u1eadn chuy\u1ec3n k\u00e8m theo khung v\u00e0 \u0111\u01b0\u1ee3c \u0111\u00f3ng g\u00f3i trong th\u00f9ng g\u1ed7 (xem h\u00ecnh \u1ea3nh \u0111\u00ednh k\u00e8m), chi ph\u00ed v\u1eadn chuy\u1ec3n c\u00f3 th\u1ec3 \u0111\u01b0\u1ee3c t\u00ednh\/\u00e1p d\u1ee5ng theo T\u1ed5ng tr\u1ecdng l\u01b0\u1ee3ng ho\u1eb7c Tr\u1ecdng l\u01b0\u1ee3ng th\u1ec3 t\u00edch quy \u0111\u1ed5i, t\u00f9y thu\u1ed9c v\u00e0o lo\u1ea1i n\u00e0o n\u1eb7ng h\u01a1n:<\/p>\n<p>T\u1ed5ng tr\u1ecdng l\u01b0\u1ee3ng c\u1ee7a g\u00f3i h\u00e0ng (\u0111\u1eb7t g\u00f3i h\u00e0ng l\u00ean c\u00e2n): ~ A kg<br \/>\nV\u00e0 Tr\u1ecdng l\u01b0\u1ee3ng th\u1ec3 t\u00edch quy \u0111\u1ed5i \u0111\u01b0\u1ee3c t\u00ednh theo c\u00f4ng th\u1ee9c sau: ~ B kg.<\/p>\n<p>Tr\u1ecdng l\u01b0\u1ee3ng th\u1ec3 t\u00edch = Chi\u1ec1u d\u00e0i (cm) x chi\u1ec1u r\u1ed9ng (cm) x chi\u1ec1u cao (cm) \/ 5000 = B<\/p>\n<p><img loading=\"lazy\" decoding=\"async\" class=\"img_border_gray alignright\" src=\"https:\/\/phuongmaigallery.com\/upload\/images\/Terms-Conditions\/thumb\/hinh-thao-cuon2.jpg\" alt=\"\" width=\"240\" height=\"590\" \/>N\u1ebfu A&gt; B th\u00ec A s\u1ebd \u0111\u01b0\u1ee3c \u00e1p d\u1ee5ng \u0111\u1ec3 t\u00ednh chi ph\u00ed v\u1eadn chuy\u1ec3n.<\/p>\n<p>N\u1ebfu B&gt; A th\u00ec B s\u1ebd \u0111\u01b0\u1ee3c \u00e1p d\u1ee5ng \u0111\u1ec3 t\u00ednh chi ph\u00ed v\u1eadn chuy\u1ec3n.<\/p>\n<p><span style=\"text-decoration: underline;\"><strong>L\u01b0u \u00fd:<\/strong><\/span> Gi\u00e1 tr\u1ecb B c\u00f3 th\u1ec3 c\u00f3 sai s\u1ed1 c\u00f3 th\u1ec3 x\u1ea3y ra -\/+01~2 kg. Gi\u00e1 tr\u1ecb n\u00e0y \u0111\u01b0\u1ee3c t\u00ednh to\u00e1n b\u1eb1ng c\u00e1ch \u01b0\u1edbc t\u00ednh k\u00edch th\u01b0\u1edbc c\u1ee7a bao b\u00ec tr\u01b0\u1edbc khi \u0111\u00f3ng g\u00f3i.<\/p>\n<p>Gi\u00e1 tr\u1ecb ch\u00ednh x\u00e1c s\u1ebd \u0111\u01b0\u1ee3c t\u00ecm th\u1ea5y sau khi \u0111\u00f3ng g\u00f3i. Chi ph\u00ed ph\u00e1t sinh, n\u1ebfu c\u00f3, do l\u1ed7i c\u00f3 th\u1ec3 x\u1ea3y ra s\u1ebd \u0111\u01b0\u1ee3c th\u00f4ng b\u00e1o cho kh\u00e1ch h\u00e0ng qua email. Ch\u00fang t\u00f4i s\u1ebd ho\u00e0n l\u1ea1i ti\u1ec1n cho kh\u00e1ch h\u00e0ng v\u00e0o l\u1ea7n ti\u1ebfp theo ho\u1eb7c kh\u00e1ch h\u00e0ng quay l\u1ea1i ph\u00f2ng tr\u01b0ng b\u00e0y v\u00e0 thu ti\u1ec1n n\u1ebfu l\u1ed7i c\u00f3 th\u1ec3 x\u1ea3y ra l\u00e0 &#8220;+&#8221;.<\/p>\n<p><strong>Khi tranh c\u00f3 khung \u0111\u01b0\u1ee3c v\u1eadn chuy\u1ec3n b\u1eb1ng \u0111\u01b0\u1eddng h\u00e0ng kh\u00f4ng<\/strong> (t\u1ed1i \u0111a 100 kg), chi ph\u00ed v\u1eadn chuy\u1ec3n trung b\u00ecnh v\u1edbi d\u1ecbch v\u1ee5 giao h\u00e0ng t\u1eadn n\u01a1i l\u00e0 7 \u0111\u00f4 la M\u1ef9\/kg \u0111\u1ebfn c\u00e1c n\u01b0\u1edbc ASEAN, 9 \u0111\u00f4 la M\u1ef9\/kg \u0111\u1ebfn ch\u00e2u \u00c1, 9-13 \u0111\u00f4 la M\u1ef9 \u0111\u1ebfn ch\u00e2u \u00c2u, \u00dac, Hoa K\u1ef3 v\u00e0 13 \u0111\u00f4 la M\u1ef9\/kg \u0111\u1ebfn c\u00e1c n\u01b0\u1edbc c\u00f2n l\u1ea1i.<\/p>\n<p>Chi ph\u00ed n\u00e0y s\u1ebd \u0111\u01b0\u1ee3c ghi r\u00f5 trong \u201cB\u00e1o gi\u00e1 &amp; X\u00e1c nh\u1eadn v\u1eadn chuy\u1ec3n\u201d.<\/p>\n<p><strong>C.3 Y\u00eau c\u1ea7u kh\u1eed tr\u00f9ng.<\/strong><br \/>\nTrong tr\u01b0\u1eddng h\u1ee3p tranh c\u00f3 khung \u0111\u01b0\u1ee3c v\u1eadn chuy\u1ec3n ra n\u01b0\u1edbc ngo\u00e0i, vi\u1ec7c hun tr\u00f9ng khung v\u00e0 bao b\u00ec g\u1ed7 l\u00e0 b\u1eaft bu\u1ed9c v\u00e0 ph\u1ea3i c\u1ea5p gi\u1ea5y ch\u1ee9ng nh\u1eadn cho y\u00eau c\u1ea7u n\u00e0y. Ph\u00ed hun tr\u00f9ng l\u00e0 14,00 \u0111\u00f4 la M\u1ef9 cho m\u1ed7i th\u00f9ng ho\u1eb7c g\u00f3i. Ph\u00ed n\u00e0y \u0111\u01b0\u1ee3c t\u00ednh ri\u00eang.<\/p>\n<p><strong>C.4 B\u1ea3o hi\u1ec3m<\/strong><br \/>\nTh\u00f4ng th\u01b0\u1eddng, b\u1ea3o hi\u1ec3m \u0111\u01b0\u1ee3c chi tr\u1ea3 b\u1edfi b\u00ean v\u1eadn chuy\u1ec3n, tuy nhi\u00ean tr\u00e1ch nhi\u1ec7m c\u1ee7a b\u00ean v\u1eadn chuy\u1ec3n (FedEx, DHL ho\u1eb7c TNT) b\u1ecb gi\u1edbi h\u1ea1n b\u1edfi C\u00f4ng \u01b0\u1edbc Warsaw 1929 (\u0111\u01b0\u1ee3c s\u1eeda \u0111\u1ed5i b\u1edfi giao th\u1ee9c Hague 1955). Vi\u1ec7c b\u1ed3i th\u01b0\u1eddng cho h\u00e0ng h\u00f3a b\u1ecb m\u1ea5t v\u00e0\/ho\u1eb7c h\u01b0 h\u1ecfng \u0111\u01b0\u1ee3c gi\u1edbi h\u1ea1n \u1edf m\u1ee9c 100 \u0111\u00f4 la M\u1ef9 cho m\u1ed7i l\u00f4 h\u00e0ng ho\u1eb7c 9,07 \u0111\u00f4 la M\u1ef9 cho m\u1ed7i pound (20 \u0111\u00f4 la M\u1ef9 cho m\u1ed7i kil\u00f4gam).<\/p>\n<p>Ng\u01b0\u1eddi mua c\u00f3 th\u1ec3 mua b\u1ea3o hi\u1ec3m t\u1eeb ch\u00fang t\u00f4i cho to\u00e0n b\u1ed9 gi\u00e1 tr\u1ecb l\u00f4 h\u00e0ng c\u1ee7a b\u1ea1n b\u1eb1ng c\u00e1ch \u0111i\u1ec1n v\u00e0o \u00f4 li\u00ean quan tr\u00ean bi\u00ean lai\/b\u00e1o gi\u00e1 &amp; x\u00e1c nh\u1eadn v\u1eadn chuy\u1ec3n v\u00e0 thanh to\u00e1n kho\u1ea3n ph\u00ed \u0111\u00e3 ch\u1ec9 \u0111\u1ecbnh (01% gi\u00e1 tr\u1ecb h\u00f3a \u0111\u01a1n ho\u1eb7c ph\u00ed t\u1ed1i thi\u1ec3u l\u00e0 15,00 \u0111\u00f4 la M\u1ef9) \u0111\u1ec3 b\u1ea3o v\u1ec7 b\u1ea1n tr\u01b0\u1edbc m\u1ecdi r\u1ee7i ro m\u1ea5t m\u00e1t v\u00e0 h\u01b0 h\u1ecfng (\u0111i\u1ec1u kho\u1ea3n <strong>ICC-Air c\u1ee7a Lloyds<\/strong>) trong qu\u00e1 tr\u00ecnh v\u1eadn chuy\u1ec3n. B\u1ea3o hi\u1ec3m kh\u00f4ng bao g\u1ed3m c\u00e1c t\u1ed5n th\u1ea5t c\u00f3 t\u00ednh ch\u1ea5t h\u1eadu qu\u1ea3 ho\u1eb7c s\u1ef1 ch\u1eadm tr\u1ec5 trong qu\u00e1 tr\u00ecnh v\u1eadn chuy\u1ec3n ho\u1eb7c khi t\u1ed5n th\u1ea5t ph\u00e1t sinh do b\u1ea1n vi ph\u1ea1m ngh\u0129a v\u1ee5 c\u1ee7a m\u00ecnh theo c\u00e1c \u0111i\u1ec1u kho\u1ea3n v\u00e0 \u0111i\u1ec1u ki\u1ec7n c\u1ee7a h\u00e3ng v\u1eadn chuy\u1ec3n.It just be done when customer require and pay for insurance. The insurance policy shall be sent to the buyer by post. In case of total loss or damage occurred the insurance company will take the inspection then reimburse for loss to the buyer.<\/td>\n<\/tr>\n<\/tbody>\n<\/table>\n<div><strong>C.5 S\u1ef1 ch\u1eadm tr\u1ec5 v\u1eadn chuy\u1ec3n<\/strong><br \/>\nCh\u00fang t\u00f4i s\u1ebd th\u00f4ng b\u00e1o cho b\u1ea1n qua email v\u1ec1 b\u1ea5t k\u1ef3 s\u1ef1 ch\u1eadm tr\u1ec5 n\u00e0o trong vi\u1ec7c v\u1eadn chuy\u1ec3n \u0111\u01a1n h\u00e0ng c\u1ee7a b\u1ea1n. V\u00e0o ng\u00e0y giao h\u00e0ng cu\u1ed1i c\u00f9ng \u0111\u00e3 h\u1ee9a, ch\u00fang t\u00f4i s\u1ebd g\u1eedi email th\u00f4ng b\u00e1o r\u1eb1ng \u0111\u01a1n h\u00e0ng c\u1ee7a b\u1ea1n s\u1ebd \u0111\u01b0\u1ee3c v\u1eadn chuy\u1ec3n trong v\u00f2ng 1-3 ng\u00e0y l\u00e0m vi\u1ec7c ti\u1ebfp theo tr\u1eeb khi b\u1ea1n <u><a class=\"textbody\" href=\"http:\/\/phuongmaigallery.com\/phuongmai\/en\/About-Us\/Contact-Us\/\" target=\"_blank\" rel=\"noopener\">li\u00ean h\u1ec7 v\u1edbi ch\u00fang t\u00f4i \u0111\u1ec3 h\u1ee7y ph\u1ea7n \u0111\u01a1n h\u00e0ng ch\u01b0a giao c\u1ee7a b\u1ea1n.<\/a><\/u><br \/>\nN\u1ebfu ch\u00fang t\u00f4i kh\u00f4ng th\u1ec3 \u0111\u00e1p \u1ee9ng \u0111\u01b0\u1ee3c khung th\u1eddi gian giao h\u00e0ng \u0111\u00e3 s\u1eeda \u0111\u1ed5i, ch\u00fang t\u00f4i s\u1ebd th\u00f4ng b\u00e1o cho b\u1ea1n qua email r\u1eb1ng ch\u00fang t\u00f4i \u0111\u00e3 h\u1ee7y ph\u1ea7n ch\u01b0a giao trong \u0111\u01a1n h\u00e0ng c\u1ee7a b\u1ea1n v\u00e0 s\u1ebd ho\u00e0n l\u1ea1i ti\u1ec1n. Ch\u00fang t\u00f4i s\u1ebd ch\u1ec9 giao h\u00e0ng \u0111\u1ebfn \u0111\u1ecba ch\u1ec9 c\u1ed1 \u0111\u1ecbnh \u0111\u01b0\u1ee3c cung c\u1ea5p cho ch\u00fang t\u00f4i t\u1ea1i th\u1eddi \u0111i\u1ec3m \u0111\u1eb7t h\u00e0ng v\u00e0 b\u1ea1n n\u00ean l\u01b0u \u00fd r\u1eb1ng ch\u00fang t\u00f4i kh\u00f4ng ch\u1ea5p nh\u1eadn s\u1ed1 h\u1ed9p th\u01b0 b\u01b0u \u0111i\u1ec7n, \u0111\u1ecba ch\u1ec9 kh\u00e1ch s\u1ea1n, \u0111\u1ecba ch\u1ec9 t\u1ea1m tr\u00fa ho\u1eb7c n\u01a1i l\u01b0u tr\u00faC.6 X\u00e1c nh\u1eadn v\u00e0 theo d\u00f5i giao h\u00e0ng.<\/div>\n<div>Ch\u00fang t\u00f4i s\u1ebd th\u00f4ng b\u00e1o cho b\u1ea1n x\u00e1c nh\u1eadn giao h\u00e0ng (bao g\u1ed3m s\u1ed1 theo d\u00f5i) qua email khi \u0111\u01a1n h\u00e0ng c\u1ee7a b\u1ea1n r\u1eddi kh\u1ecfi kho c\u1ee7a ch\u00fang t\u00f4i.<\/div>\n<div><strong>C.7 Kh\u00f4ng c\u00f3 thu\u1ebf b\u00e1n h\u00e0ng<\/strong><br \/>\nKh\u00f4ng ph\u1ea3i ch\u1ecbu thu\u1ebf b\u00e1n h\u00e0ng cho m\u1ecdi \u0111\u01a1n h\u00e0ng. C\u00e1c \u0111\u01a1n h\u00e0ng qu\u1ed1c t\u1ebf kh\u00f4ng ph\u1ea3i ch\u1ecbu thu\u1ebf b\u00e1n h\u00e0ng t\u1ea1i th\u1eddi \u0111i\u1ec3m mua h\u00e0ng, nh\u01b0ng c\u00f3 th\u1ec3 ph\u1ea3i ch\u1ecbu thu\u1ebf v\u00e0 ngh\u0129a v\u1ee5 trong qu\u00e1 tr\u00ecnh h\u1ea3i quan c\u1ee7a qu\u1ed1c gia \u0111\u00edch. B\u1ea1n s\u1ebd ch\u1ecbu tr\u00e1ch nhi\u1ec7m thanh to\u00e1n m\u1ecdi kho\u1ea3n thu\u1ebf v\u00e0 ngh\u0129a v\u1ee5 ph\u00e1t sinh trong qu\u00e1 tr\u00ecnh giao h\u00e0ng cho c\u00e1c \u0111\u01a1n h\u00e0ng qu\u1ed1c t\u1ebf. Ch\u00fang t\u00f4i kh\u00f4ng th\u1ec3 d\u1ef1 \u0111o\u00e1n \u0111\u01b0\u1ee3c l\u00f4 h\u00e0ng n\u00e0o s\u1ebd ph\u1ea3i ch\u1ecbu c\u00e1c kho\u1ea3n ph\u00ed n\u00e0y ho\u1eb7c s\u1ed1 ti\u1ec1n ph\u00ed c\u00f3 th\u1ec3 \u0111\u01b0\u1ee3c t\u00ednh<\/div>\n<div>N\u1ebfu \u0111\u01a1n h\u00e0ng qu\u1ed1c t\u1ebf b\u1ecb t\u1eeb ch\u1ed1i giao, \u0111\u01a1n h\u00e0ng s\u1ebd kh\u00f4ng \u0111\u01b0\u1ee3c tr\u1ea3 l\u1ea1i \u0111\u1ec3 ho\u00e0n ti\u1ec1n, \u0111\u01a1n h\u00e0ng s\u1ebd b\u1ecb \u0111\u01a1n v\u1ecb chuy\u1ec3n ph\u00e1t h\u1ee7y v\u00e0 kh\u00e1ch h\u00e0ng s\u1ebd KH\u00d4NG \u0111\u01b0\u1ee3c ho\u00e0n l\u1ea1i b\u1ea5t k\u1ef3 kho\u1ea3n ph\u00ed n\u00e0o.<\/div>\n<div><\/div>\n<div><strong>C.8 \u2013 Ki\u1ec3m tra giao h\u00e0ng<\/strong><\/div>\n<div>Khi nh\u1eadn\/\u0111\u1ebfn n\u01a1i s\u1ea3n ph\u1ea9m ngh\u1ec7 thu\u1eadt t\u1eeb \u0111\u01a1n v\u1ecb v\u1eadn chuy\u1ec3n, ng\u01b0\u1eddi mua\/kh\u00e1ch h\u00e0ng s\u1ebd \u0111\u01b0\u1ee3c y\u00eau c\u1ea7u ki\u1ec3m tra t\u00ecnh tr\u1ea1ng l\u00f4 h\u00e0ng v\u00e0 l\u1ea5y b\u1eb1ng ch\u1ee9ng nh\u01b0 \u1ea3nh, ch\u1eef k\u00fd c\u1ee7a nh\u00e2n vi\u00ean giao h\u00e0ng\/\u0111\u01a1n v\u1ecb v\u1eadn chuy\u1ec3n, v.v. \u0111\u1ec3 \u0111i\u1ec1n v\u00e0o h\u1ed3 s\u01a1 khi\u1ebfu n\u1ea1i n\u1ebfu c\u00f3 b\u1ea5t k\u1ef3 h\u01b0 h\u1ecfng n\u00e0o x\u1ea3y ra trong qu\u00e1 tr\u00ecnh v\u1eadn chuy\u1ec3n. N\u1ebfu c\u00f3 b\u1ea5t k\u1ef3 h\u01b0 h\u1ecfng n\u00e0o x\u1ea3y ra, ng\u01b0\u1eddi nh\u1eadn\/ng\u01b0\u1eddi mua s\u1ebd g\u1eedi email \u0111\u1ebfn <a href=\"mailto:pmg.ltt@phuongmaigallery.com\">pmg.ltt@phuongmaigallery.com<\/a> ngay l\u1eadp t\u1ee9c \u0111\u1ec3 th\u00f4ng b\u00e1o v\u1ec1 \u0111i\u1ec1u \u0111\u00f3. Ch\u00fang t\u00f4i kh\u00f4ng ch\u1ecbu tr\u00e1ch nhi\u1ec7m cho b\u1ea5t k\u1ef3 khi\u1ebfu n\u1ea1i n\u00e0o v\u1ec1 h\u01b0 h\u1ecfng c\u1ee7a l\u00f4 h\u00e0ng trong qu\u00e1 tr\u00ecnh v\u1eadn chuy\u1ec3n m\u00e0 kh\u00f4ng ki\u1ec3m tra khi giao h\u00e0ng.<\/div>\n<p>[\/vc_column_text][\/vc_column][\/vc_row]<\/p>\n<\/div>","protected":false},"excerpt":{"rendered":"<p>[vc_row][vc_column][vc_column_text css=&#8221;&#8221;] Ng\u00e0y c\u00f3 hi\u1ec7u l\u1ef1c c\u1ee7a Th\u1ecfa thu\u1eadn n\u00e0y l\u00e0 ng\u00e0y 15 th\u00e1ng 7 n\u0103m 2009 C.1 Th\u00f4ng tin v\u1eadn chuy\u1ec3n: Ch\u00fang t\u00f4i giao h\u00e0ng qu\u1ed1c t\u1ebf. D\u1ecbch v\u1ee5 n\u00e0y l\u00e0 giao h\u00e0ng t\u1eadn n\u01a1i. Ch\u00fang t\u00f4i h\u1ee3p t\u00e1c v\u1edbi h\u00e3ng v\u1eadn chuy\u1ec3n nhanh FedEx, TNT, DHL v\u00e0 h\u00e3ng v\u1eadn chuy\u1ec3n kh\u00f4ng nhanh b\u1eb1ng<\/p>\n","protected":false},"author":1,"featured_media":0,"parent":0,"menu_order":0,"comment_status":"closed","ping_status":"closed","template":"page-templates\/fullwidthpage.php","meta":{"_acf_changed":false,"footnotes":""},"class_list":["post-3210","page","type-page","status-publish","hentry"],"acf":[],"yoast_head":"<!-- This site is optimized with the Yoast SEO plugin v26.5 - https:\/\/yoast.com\/wordpress\/plugins\/seo\/ -->\n<title>Ch\u00ednh s\u00e1ch v\u1eadn chuy\u1ec3n - Phuong Mai Gallery<\/title>\n<meta name=\"robots\" content=\"index, follow, max-snippet:-1, max-image-preview:large, max-video-preview:-1\" \/>\n<link rel=\"canonical\" href=\"https:\/\/phuongmaigallery.com\/vi\/chinh-sach-van-chuyen\/\" \/>\n<meta property=\"og:locale\" content=\"vi_VN\" \/>\n<meta property=\"og:type\" content=\"article\" \/>\n<meta property=\"og:title\" content=\"Ch\u00ednh s\u00e1ch v\u1eadn chuy\u1ec3n - Phuong Mai Gallery\" \/>\n<meta property=\"og:description\" content=\"[vc_row][vc_column][vc_column_text css=&#8221;&#8221;] Ng\u00e0y c\u00f3 hi\u1ec7u l\u1ef1c c\u1ee7a Th\u1ecfa thu\u1eadn n\u00e0y l\u00e0 ng\u00e0y 15 th\u00e1ng 7 n\u0103m 2009 C.1 Th\u00f4ng tin v\u1eadn chuy\u1ec3n: Ch\u00fang t\u00f4i giao h\u00e0ng qu\u1ed1c t\u1ebf. D\u1ecbch v\u1ee5 n\u00e0y l\u00e0 giao h\u00e0ng t\u1eadn n\u01a1i. Ch\u00fang t\u00f4i h\u1ee3p t\u00e1c v\u1edbi h\u00e3ng v\u1eadn chuy\u1ec3n nhanh FedEx, TNT, DHL v\u00e0 h\u00e3ng v\u1eadn chuy\u1ec3n kh\u00f4ng nhanh b\u1eb1ng\" \/>\n<meta property=\"og:url\" content=\"https:\/\/phuongmaigallery.com\/vi\/chinh-sach-van-chuyen\/\" \/>\n<meta property=\"og:site_name\" content=\"Phuong Mai Gallery\" \/>\n<meta property=\"og:image\" content=\"https:\/\/phuongmaigallery.com\/wp-content\/uploads\/2024\/10\/hinh-co-khung.jpg\" \/>\n\t<meta property=\"og:image:width\" content=\"200\" \/>\n\t<meta property=\"og:image:height\" content=\"202\" \/>\n\t<meta property=\"og:image:type\" content=\"image\/jpeg\" \/>\n<meta name=\"twitter:card\" content=\"summary_large_image\" \/>\n<meta name=\"twitter:label1\" content=\"Est. reading time\" \/>\n\t<meta name=\"twitter:data1\" content=\"7 minutes\" \/>\n<script type=\"application\/ld+json\" class=\"yoast-schema-graph\">{\"@context\":\"https:\/\/schema.org\",\"@graph\":[{\"@type\":\"WebPage\",\"@id\":\"https:\/\/phuongmaigallery.com\/vi\/chinh-sach-van-chuyen\/\",\"url\":\"https:\/\/phuongmaigallery.com\/vi\/chinh-sach-van-chuyen\/\",\"name\":\"Ch\u00ednh s\u00e1ch v\u1eadn chuy\u1ec3n - Phuong Mai Gallery\",\"isPartOf\":{\"@id\":\"https:\/\/phuongmaigallery.com\/#website\"},\"primaryImageOfPage\":{\"@id\":\"https:\/\/phuongmaigallery.com\/vi\/chinh-sach-van-chuyen\/#primaryimage\"},\"image\":{\"@id\":\"https:\/\/phuongmaigallery.com\/vi\/chinh-sach-van-chuyen\/#primaryimage\"},\"thumbnailUrl\":\"http:\/\/phuongmai.southteam.co\/wp-content\/uploads\/2024\/10\/hinh-co-khung.jpg\",\"datePublished\":\"2025-02-27T08:34:17+00:00\",\"breadcrumb\":{\"@id\":\"https:\/\/phuongmaigallery.com\/vi\/chinh-sach-van-chuyen\/#breadcrumb\"},\"inLanguage\":\"vi-VN\",\"potentialAction\":[{\"@type\":\"ReadAction\",\"target\":[\"https:\/\/phuongmaigallery.com\/vi\/chinh-sach-van-chuyen\/\"]}]},{\"@type\":\"ImageObject\",\"inLanguage\":\"vi-VN\",\"@id\":\"https:\/\/phuongmaigallery.com\/vi\/chinh-sach-van-chuyen\/#primaryimage\",\"url\":\"http:\/\/phuongmai.southteam.co\/wp-content\/uploads\/2024\/10\/hinh-co-khung.jpg\",\"contentUrl\":\"http:\/\/phuongmai.southteam.co\/wp-content\/uploads\/2024\/10\/hinh-co-khung.jpg\"},{\"@type\":\"BreadcrumbList\",\"@id\":\"https:\/\/phuongmaigallery.com\/vi\/chinh-sach-van-chuyen\/#breadcrumb\",\"itemListElement\":[{\"@type\":\"ListItem\",\"position\":1,\"name\":\"Home\",\"item\":\"https:\/\/phuongmaigallery.com\/vi\/\"},{\"@type\":\"ListItem\",\"position\":2,\"name\":\"Ch\u00ednh s\u00e1ch v\u1eadn chuy\u1ec3n\"}]},{\"@type\":\"WebSite\",\"@id\":\"https:\/\/phuongmaigallery.com\/#website\",\"url\":\"https:\/\/phuongmaigallery.com\/\",\"name\":\"Phuong Mai Gallery\",\"description\":\"Explore Exquisite Asian Art Online by Vietnam Artist\",\"potentialAction\":[{\"@type\":\"SearchAction\",\"target\":{\"@type\":\"EntryPoint\",\"urlTemplate\":\"https:\/\/phuongmaigallery.com\/?s={search_term_string}\"},\"query-input\":{\"@type\":\"PropertyValueSpecification\",\"valueRequired\":true,\"valueName\":\"search_term_string\"}}],\"inLanguage\":\"vi-VN\"}]}<\/script>\n<!-- \/ Yoast SEO plugin. -->","yoast_head_json":{"title":"Ch\u00ednh s\u00e1ch v\u1eadn chuy\u1ec3n - Phuong Mai Gallery","robots":{"index":"index","follow":"follow","max-snippet":"max-snippet:-1","max-image-preview":"max-image-preview:large","max-video-preview":"max-video-preview:-1"},"canonical":"https:\/\/phuongmaigallery.com\/vi\/chinh-sach-van-chuyen\/","og_locale":"vi_VN","og_type":"article","og_title":"Ch\u00ednh s\u00e1ch v\u1eadn chuy\u1ec3n - Phuong Mai Gallery","og_description":"[vc_row][vc_column][vc_column_text css=&#8221;&#8221;] Ng\u00e0y c\u00f3 hi\u1ec7u l\u1ef1c c\u1ee7a Th\u1ecfa thu\u1eadn n\u00e0y l\u00e0 ng\u00e0y 15 th\u00e1ng 7 n\u0103m 2009 C.1 Th\u00f4ng tin v\u1eadn chuy\u1ec3n: Ch\u00fang t\u00f4i giao h\u00e0ng qu\u1ed1c t\u1ebf. D\u1ecbch v\u1ee5 n\u00e0y l\u00e0 giao h\u00e0ng t\u1eadn n\u01a1i. Ch\u00fang t\u00f4i h\u1ee3p t\u00e1c v\u1edbi h\u00e3ng v\u1eadn chuy\u1ec3n nhanh FedEx, TNT, DHL v\u00e0 h\u00e3ng v\u1eadn chuy\u1ec3n kh\u00f4ng nhanh b\u1eb1ng","og_url":"https:\/\/phuongmaigallery.com\/vi\/chinh-sach-van-chuyen\/","og_site_name":"Phuong Mai Gallery","og_image":[{"width":200,"height":202,"url":"https:\/\/phuongmaigallery.com\/wp-content\/uploads\/2024\/10\/hinh-co-khung.jpg","type":"image\/jpeg"}],"twitter_card":"summary_large_image","twitter_misc":{"Est. reading time":"7 minutes"},"schema":{"@context":"https:\/\/schema.org","@graph":[{"@type":"WebPage","@id":"https:\/\/phuongmaigallery.com\/vi\/chinh-sach-van-chuyen\/","url":"https:\/\/phuongmaigallery.com\/vi\/chinh-sach-van-chuyen\/","name":"Ch\u00ednh s\u00e1ch v\u1eadn chuy\u1ec3n - Phuong Mai Gallery","isPartOf":{"@id":"https:\/\/phuongmaigallery.com\/#website"},"primaryImageOfPage":{"@id":"https:\/\/phuongmaigallery.com\/vi\/chinh-sach-van-chuyen\/#primaryimage"},"image":{"@id":"https:\/\/phuongmaigallery.com\/vi\/chinh-sach-van-chuyen\/#primaryimage"},"thumbnailUrl":"http:\/\/phuongmai.southteam.co\/wp-content\/uploads\/2024\/10\/hinh-co-khung.jpg","datePublished":"2025-02-27T08:34:17+00:00","breadcrumb":{"@id":"https:\/\/phuongmaigallery.com\/vi\/chinh-sach-van-chuyen\/#breadcrumb"},"inLanguage":"vi-VN","potentialAction":[{"@type":"ReadAction","target":["https:\/\/phuongmaigallery.com\/vi\/chinh-sach-van-chuyen\/"]}]},{"@type":"ImageObject","inLanguage":"vi-VN","@id":"https:\/\/phuongmaigallery.com\/vi\/chinh-sach-van-chuyen\/#primaryimage","url":"http:\/\/phuongmai.southteam.co\/wp-content\/uploads\/2024\/10\/hinh-co-khung.jpg","contentUrl":"http:\/\/phuongmai.southteam.co\/wp-content\/uploads\/2024\/10\/hinh-co-khung.jpg"},{"@type":"BreadcrumbList","@id":"https:\/\/phuongmaigallery.com\/vi\/chinh-sach-van-chuyen\/#breadcrumb","itemListElement":[{"@type":"ListItem","position":1,"name":"Home","item":"https:\/\/phuongmaigallery.com\/vi\/"},{"@type":"ListItem","position":2,"name":"Ch\u00ednh s\u00e1ch v\u1eadn chuy\u1ec3n"}]},{"@type":"WebSite","@id":"https:\/\/phuongmaigallery.com\/#website","url":"https:\/\/phuongmaigallery.com\/","name":"Phuong Mai Gallery","description":"Explore Exquisite Asian Art Online by Vietnam Artist","potentialAction":[{"@type":"SearchAction","target":{"@type":"EntryPoint","urlTemplate":"https:\/\/phuongmaigallery.com\/?s={search_term_string}"},"query-input":{"@type":"PropertyValueSpecification","valueRequired":true,"valueName":"search_term_string"}}],"inLanguage":"vi-VN"}]}},"_links":{"self":[{"href":"https:\/\/phuongmaigallery.com\/vi\/wp-json\/wp\/v2\/pages\/3210","targetHints":{"allow":["GET"]}}],"collection":[{"href":"https:\/\/phuongmaigallery.com\/vi\/wp-json\/wp\/v2\/pages"}],"about":[{"href":"https:\/\/phuongmaigallery.com\/vi\/wp-json\/wp\/v2\/types\/page"}],"author":[{"embeddable":true,"href":"https:\/\/phuongmaigallery.com\/vi\/wp-json\/wp\/v2\/users\/1"}],"replies":[{"embeddable":true,"href":"https:\/\/phuongmaigallery.com\/vi\/wp-json\/wp\/v2\/comments?post=3210"}],"version-history":[{"count":1,"href":"https:\/\/phuongmaigallery.com\/vi\/wp-json\/wp\/v2\/pages\/3210\/revisions"}],"predecessor-version":[{"id":3211,"href":"https:\/\/phuongmaigallery.com\/vi\/wp-json\/wp\/v2\/pages\/3210\/revisions\/3211"}],"wp:attachment":[{"href":"https:\/\/phuongmaigallery.com\/vi\/wp-json\/wp\/v2\/media?parent=3210"}],"curies":[{"name":"wp","href":"https:\/\/api.w.org\/{rel}","templated":true}]}}