{"id":3216,"date":"2025-02-27T16:02:48","date_gmt":"2025-02-27T09:02:48","guid":{"rendered":"https:\/\/phuongmaigallery.com\/?page_id=3216"},"modified":"2025-02-27T16:02:48","modified_gmt":"2025-02-27T09:02:48","slug":"dat-hang","status":"publish","type":"page","link":"https:\/\/phuongmaigallery.com\/vi\/dat-hang\/","title":{"rendered":"\u0110\u1eb7t h\u00e0ng"},"content":{"rendered":"<p><strong>Hi\u1ec7u l\u1ef1c c\u1ee7a th\u1ecfa thu\u1eadn n\u00e0y l\u00e0 ng\u00e0y 15 th\u00e1ng 7 n\u0103m 2009<\/strong><\/p>\n<p>Ch\u00fang t\u00f4i, Phuong Mai Gallery l\u00e0 nh\u00e0 cung c\u1ea5p d\u1ecbch v\u1ee5 li\u00ean quan \u0111\u1ebfn c\u00e1c d\u1ecbch v\u1ee5 n\u00e0y bao g\u1ed3m mua t\u00e1c ph\u1ea9m ngh\u1ec7 thu\u1eadt g\u1ed1c v\u00e0 thanh to\u00e1n tr\u1ef1c tuy\u1ebfn th\u00f4ng qua trang web n\u00e0y v\u00e0 \u0111ang ho\u1ea1t \u0111\u1ed9ng v\u1edbi t\u01b0 c\u00e1ch l\u00e0 ng\u01b0\u1eddi \u0111\u01b0\u1ee3c b\u1ea1n ch\u1ec9 \u0111\u1ecbnh li\u00ean quan \u0111\u1ebfn d\u1ecbch v\u1ee5 n\u00e0y, \u0110i\u1ec1u kho\u1ea3n v\u00e0 \u0110i\u1ec1u ki\u1ec7n sau \u0111\u00e2y \u0111\u01b0\u1ee3c \u00e1p d\u1ee5ng.<\/p>\n<p>Ch\u00fang t\u00f4i ch\u1ec9 b\u00e1n c\u00e1c t\u00e1c ph\u1ea9m ngh\u1ec7 thu\u1eadt g\u1ed1c c\u00f3 ch\u1eef k\u00fd c\u1ee7a ngh\u1ec7 s\u0129 g\u1ed1c. T\u1ea5t c\u1ea3 c\u00e1c b\u1ee9c tranh \u0111\u1ec1u \u0111\u01b0\u1ee3c cung c\u1ea5p Gi\u1ea5y ch\u1ee9ng nh\u1eadn x\u00e1c th\u1ef1c do ngh\u1ec7 s\u0129 th\u1ef1c hi\u1ec7n v\u00e0 k\u00fd.<\/p>\n<p><b>B.1. Tr\u01b0\u1edbc khi th\u1ef1c hi\u1ec7n \u0111\u01a1n h\u00e0ng c\u1ee7a b\u1ea1n<\/b><\/p>\n<p>Vui l\u00f2ng \u0111\u1ecdc k\u1ef9 \u0111i\u1ec1u kho\u1ea3n v\u00e0 \u0111i\u1ec1u ki\u1ec7n n\u00e0y \u0111\u1ec3 x\u00e1c nh\u1eadn FAO tr\u01b0\u1edbc khi s\u1eed d\u1ee5ng trang web n\u00e0y. B\u1eb1ng c\u00e1ch truy c\u1eadp trang web n\u00e0y v\u00e0 b\u1ea5t k\u1ef3 trang web n\u00e0o kh\u00e1c c\u00f3 th\u1ec3 truy c\u1eadp \u0111\u01b0\u1ee3c t\u1eeb trang web n\u00e0y, &#8220;b\u1ea1n&#8221; ng\u01b0\u1eddi d\u00f9ng ch\u1ea5p nh\u1eadn m\u00e0 kh\u00f4ng gi\u1edbi h\u1ea1n c\u00e1c \u0111i\u1ec1u kho\u1ea3n v\u00e0 \u0111i\u1ec1u ki\u1ec7n, &#8220;\u0110i\u1ec1u kho\u1ea3n&#8221; c\u1ee7a Phuong Mai Gallery &#8220;ch\u00fang t\u00f4i, ch\u00fang t\u00f4i, c\u1ee7a ch\u00fang t\u00f4i&#8221; \u0111\u01b0\u1ee3c n\u00eau \u1edf \u0111\u00e2y c\u00f9ng v\u1edbi b\u1ea5t k\u1ef3 \u0111i\u1ec1u kho\u1ea3n v\u00e0 \u0111i\u1ec1u ki\u1ec7n n\u00e0o \u0111\u01b0\u1ee3c n\u00eau tr\u00ean b\u1ea5t k\u1ef3 trang web li\u00ean quan n\u00e0o kh\u00e1c ho\u1eb7c li\u00ean quan \u0111\u1ebfn b\u1ea5t k\u1ef3 ch\u01b0\u01a1ng tr\u00ecnh khuy\u1ebfn m\u00e3i ho\u1eb7c d\u1ecbch v\u1ee5 n\u00e0o trong c\u00e1c trang web \u0111\u00f3. Xin l\u01b0u \u00fd r\u1eb1ng vi\u1ec7c mua h\u00e0ng kh\u00f4ng ch\u1ec9 \u0111\u01a1n gi\u1ea3n l\u00e0 \u0111\u1ec3 b\u00e1n l\u1ea1i cho b\u1ea5t k\u1ef3 b\u00ean th\u1ee9 ba n\u00e0o.<\/p>\n<p><strong>B.2. Nh\u1eadn v\u00e0 x\u1eed l\u00fd \u0111\u01a1n h\u00e0ng<\/strong><\/p>\n<p>T\u1ea5t c\u1ea3 c\u00e1c m\u1ee5c kh\u00e1c \u0111\u1ec1u ph\u1ea3i tu\u00e2n theo c\u00e1c \u0110i\u1ec1u kho\u1ea3n v\u00e0 \u0110i\u1ec1u ki\u1ec7n n\u00e0y v\u00e0 ch\u00fang t\u00f4i s\u1ebd ch\u1ec9 c\u1ed1 g\u1eafng cung c\u1ea5p nh\u1eefng m\u1eb7t h\u00e0ng v\u00e0 d\u1ecbch v\u1ee5 c\u00f3 s\u1eb5n t\u1ea1i th\u1eddi \u0111i\u1ec3m \u0111\u1eb7t h\u00e0ng nh\u01b0ng vi\u1ec7c ch\u1ea5p nh\u1eadn \u0111\u01a1n h\u00e0ng s\u1ebd t\u00f9y thu\u1ed9c v\u00e0o t\u00ecnh tr\u1ea1ng c\u00f2n h\u00e0ng. T\u1ea5t c\u1ea3 c\u00e1c b\u01b0\u1edbc trong qu\u00e1 tr\u00ecnh \u0111\u1eb7t h\u00e0ng \u0111\u1ec1u \u0111\u01b0\u1ee3c thi\u1ebft k\u1ebf \u0111\u01a1n gi\u1ea3n v\u00e0 cung c\u1ea5p cho b\u1ea1n c\u01a1 h\u1ed9i thay \u0111\u1ed5i, s\u1eeda \u0111\u1ed5i, x\u00f3a ho\u1eb7c ch\u1ec9nh s\u1eeda to\u00e0n b\u1ed9 ho\u1eb7c m\u1ed9t ph\u1ea7n y\u00eau c\u1ea7u \u0111\u1eb7t h\u00e0ng c\u1ee7a b\u1ea1n.<\/p>\n<p>Sau khi \u0111\u1eb7t h\u00e0ng, b\u1ea1n s\u1ebd nh\u1eadn \u0111\u01b0\u1ee3c email t\u1eeb ch\u00fang t\u00f4i x\u00e1c nh\u1eadn r\u1eb1ng ch\u00fang t\u00f4i \u0111\u00e3 nh\u1eadn \u0111\u01b0\u1ee3c \u0111\u01a1n h\u00e0ng c\u1ee7a b\u1ea1n (\u201cTh\u00f4ng tin \u0111\u01a1n h\u00e0ng\u201d). Xin l\u01b0u \u00fd r\u1eb1ng \u0111i\u1ec1u n\u00e0y kh\u00f4ng c\u00f3 ngh\u0129a l\u00e0 \u0111\u01a1n h\u00e0ng c\u1ee7a b\u1ea1n \u0111\u00e3 \u0111\u01b0\u1ee3c ch\u1ea5p nh\u1eadn. \u0110\u01a1n h\u00e0ng c\u1ee7a b\u1ea1n c\u1ea5u th\u00e0nh m\u1ed9t l\u1eddi \u0111\u1ec1 ngh\u1ecb mua t\u00e1c ph\u1ea9m ngh\u1ec7 thu\u1eadt cho ch\u00fang t\u00f4i. T\u1ea5t c\u1ea3 c\u00e1c \u0111\u01a1n h\u00e0ng \u0111\u1ec1u ph\u1ea3i \u0111\u01b0\u1ee3c ch\u00fang t\u00f4i ch\u1ea5p nh\u1eadn v\u00e0 ch\u00fang t\u00f4i s\u1ebd x\u00e1c nh\u1eadn vi\u1ec7c ch\u1ea5p nh\u1eadn \u0111\u00f3 v\u1edbi b\u1ea1n b\u1eb1ng c\u00e1ch g\u1eedi cho b\u1ea1n email x\u00e1c nh\u1eadn vi\u1ec7c v\u1eadn chuy\u1ec3n \u0111\u01a1n h\u00e0ng c\u1ee7a b\u1ea1n (g\u1ecdi l\u00e0 &#8220;B\u00e1o gi\u00e1 &amp; X\u00e1c nh\u1eadn v\u1eadn chuy\u1ec3n&#8221;). H\u1ee3p \u0111\u1ed3ng v\u1edbi ch\u00fang t\u00f4i s\u1ebd ch\u1ec9 \u0111\u01b0\u1ee3c h\u00ecnh th\u00e0nh khi ch\u00fang t\u00f4i g\u1eedi cho b\u1ea1n \u201cB\u00e1o gi\u00e1 &amp; X\u00e1c nh\u1eadn v\u1eadn chuy\u1ec3n\u201d. H\u1ee3p \u0111\u1ed3ng s\u1ebd ch\u1ec9 li\u00ean quan \u0111\u1ebfn nh\u1eefng t\u00e1c ph\u1ea9m ngh\u1ec7 thu\u1eadt m\u00e0 ch\u00fang t\u00f4i \u0111\u00e3 x\u00e1c nh\u1eadn vi\u1ec7c v\u1eadn chuy\u1ec3n trong \u201cB\u00e1o gi\u00e1 &amp; X\u00e1c nh\u1eadn v\u1eadn chuy\u1ec3n\u201d. Ch\u00fang t\u00f4i s\u1ebd kh\u00f4ng c\u00f3 ngh\u0129a v\u1ee5 cung c\u1ea5p b\u1ea5t k\u1ef3 t\u00e1c ph\u1ea9m ngh\u1ec7 thu\u1eadt n\u00e0o kh\u00e1c c\u00f3 th\u1ec3 l\u00e0 m\u1ed9t ph\u1ea7n c\u1ee7a \u0111\u01a1n h\u00e0ng c\u1ee7a b\u1ea1n trong th\u00f4ng tin \u0110\u01a1n h\u00e0ng ri\u00eang bi\u1ec7t. Ch\u00fang t\u00f4i c\u00f3 quy\u1ec1n h\u1ee7y \u0111\u01a1n h\u00e0ng c\u1ee7a b\u1ea1n b\u1ea5t k\u1ef3 l\u00fac n\u00e0o tr\u01b0\u1edbc khi ch\u00fang t\u00f4i ch\u1ea5p nh\u1eadn v\u00e0 ch\u00fang t\u00f4i c\u00f3 th\u1ec3 h\u1ee7y b\u1ecf vi\u1ec7c ch\u1ea5p nh\u1eadn v\u00e0 h\u1ee7y \u0111\u01a1n h\u00e0ng c\u1ee7a b\u1ea1n khi c\u00f3 l\u1ed7i r\u00f5 r\u00e0ng v\u1ec1 gi\u00e1 ho\u1eb7c khi t\u00e1c ph\u1ea9m ngh\u1ec7 thu\u1eadt kh\u00f4ng c\u00f2n trong c\u1eeda h\u00e0ng c\u1ee7a ch\u00fang t\u00f4i ho\u1eb7c kho c\u1ee7a nh\u00e0 cung c\u1ea5p d\u1ecbch v\u1ee5 ho\u00e0n thi\u1ec7n \u0111\u01a1n h\u00e0ng b\u00ean th\u1ee9 ba c\u1ee7a ch\u00fang t\u00f4i.<\/p>\n<p>B\u1ea5t k\u1ef3 \u0111i\u1ec1u ki\u1ec7n c\u1ee5 th\u1ec3 n\u00e0o \u0111\u1ec3 ch\u1ea5p nh\u1eadn \u0111\u01a1n h\u00e0ng, ng\u00e0y giao h\u00e0ng v\u00e0 t\u1ed5ng s\u1ed1 ti\u1ec1n s\u1ebd \u0111\u01b0\u1ee3c n\u00eau trong &#8220;B\u00e1o gi\u00e1 &amp; X\u00e1c nh\u1eadn Giao h\u00e0ng&#8221; c\u00f3 li\u00ean quan. Khi \u0111\u1eb7t h\u00e0ng, b\u1ea1n cho ph\u00e9p ch\u00fang t\u00f4i truy\u1ec1n v\u00e0 c\u1eadp nh\u1eadt th\u00f4ng tin v\u1ec1 b\u1ea1n v\u00e0 l\u1ea5y th\u00f4ng tin t\u1eeb b\u00ean th\u1ee9 ba. Th\u00f4ng tin kh\u00e1c s\u1ebd bao g\u1ed3m nh\u01b0ng kh\u00f4ng gi\u1edbi h\u1ea1n \u1edf \u0111\u1ecba ch\u1ec9 v\u00e0 \u0111\u1ecba ch\u1ec9 giao h\u00e0ng c\u1ee7a b\u1ea1n. T\u1ea5t c\u1ea3 th\u00f4ng tin v\u00e0 chi ti\u1ebft do b\u1ea1n cung c\u1ea5p ph\u1ea3i \u0111\u00fang s\u1ef1 th\u1eadt, ch\u00ednh x\u00e1c, \u0111\u1ea7y \u0111\u1ee7 v\u00e0 c\u1eadp nh\u1eadt.<\/p>\n<p><strong>B.3. Gi\u00e1 c\u1ee7a t\u00e1c ph\u1ea9m ngh\u1ec7 thu\u1eadt<\/strong><\/p>\n<p>T\u1ea5t c\u1ea3 gi\u00e1 \u0111\u01b0\u1ee3c n\u00eau \u0111\u1ec1u t\u00ednh b\u1eb1ng \u0111\u00f4 la M\u1ef9 v\u00e0 c\u00f3 hi\u1ec7u l\u1ef1c tr\u1eeb khi v\u00e0 cho \u0111\u1ebfn khi ch\u00fang t\u00f4i s\u1eeda \u0111\u1ed5i. Trong tr\u01b0\u1eddng h\u1ee3p c\u00f3 l\u1ed7i v\u00f4 \u00fd ph\u00e1t sinh trong b\u1ea5t k\u1ef3 m\u1ee9c gi\u00e1 n\u00e0o \u0111\u00e3 n\u00eau, ch\u00fang t\u00f4i c\u00f3 quy\u1ec1n s\u1eeda l\u1ed7i \u0111\u00f3 v\u00e0 s\u1ebd cung c\u1ea5p cho b\u1ea1n c\u01a1 h\u1ed9i h\u1ee7y \u0111\u01a1n h\u00e0ng ho\u1eb7c ti\u1ebfp t\u1ee5c v\u1edbi m\u1ee9c gi\u00e1 ch\u00ednh x\u00e1c. Gi\u00e1 \u0111\u01b0\u1ee3c hi\u1ec3n th\u1ecb ch\u1ec9 d\u00e0nh cho t\u00e1c ph\u1ea9m ngh\u1ec7 thu\u1eadt v\u00e0 kh\u00f4ng bao g\u1ed3m ph\u00ed giao h\u00e0ng c\u00f3 li\u00ean quan, ch\u1eb3ng h\u1ea1n nh\u01b0 \u0111\u00f3ng g\u00f3i, v\u1eadn chuy\u1ec3n v\u00e0 b\u1ea3o hi\u1ec3m v\u00e0 chi ph\u00ed \u0111\u00f3ng khung.<\/p>\n<p>Gi\u00e1 c\u1ea3 v\u00e0 t\u00ecnh tr\u1ea1ng s\u1eb5n c\u00f3 c\u1ee7a t\u00e1c ph\u1ea9m ngh\u1ec7 thu\u1eadt tr\u00ean Trang web c\u00f3 th\u1ec3 thay \u0111\u1ed5i m\u00e0 kh\u00f4ng c\u1ea7n th\u00f4ng b\u00e1o tr\u01b0\u1edbc. \u0110\u00f4i khi, l\u1ed7i s\u1ebd \u0111\u01b0\u1ee3c s\u1eeda, b\u1ea1n c\u00f3 th\u1ec3 \u0111\u1eb7t t\u00e1c ph\u1ea9m ngh\u1ec7 thu\u1eadt v\u00e0o gi\u1ecf h\u00e0ng c\u1ee7a m\u00ecnh v\u00e0 g\u1eedi \u0111\u01a1n h\u00e0ng \u0111\u1ec3 x\u1eed l\u00fd, nh\u01b0ng \u0111\u01a1n h\u00e0ng c\u1ee7a b\u1ea1n sau \u0111\u00f3 b\u1ecb h\u1ee7y do kh\u00f4ng c\u00f3 t\u00e1c ph\u1ea9m ngh\u1ec7 thu\u1eadt. B\u1ea1n th\u1eeba nh\u1eadn r\u1eb1ng t\u00e1c ph\u1ea9m ngh\u1ec7 thu\u1eadt c\u00f3 th\u1ec3 b\u00e1n nhanh v\u00e0 c\u00f3 th\u1ec3 c\u00f3 m\u1ed9t kho\u1ea3ng th\u1eddi gian ng\u1eafn sau khi \u0111\u01a1n h\u00e0ng \u0111\u01b0\u1ee3c g\u1eedi, nh\u01b0ng khi t\u00e1c ph\u1ea9m ngh\u1ec7 thu\u1eadt kh\u00f4ng c\u00f2n n\u1eefa. B\u1ea1n \u0111\u1ed3ng \u00fd r\u1eb1ng ch\u00fang t\u00f4i c\u00f3 th\u1ec3 h\u1ee7y \u0111\u01a1n h\u00e0ng c\u1ee7a b\u1ea1n sau khi b\u1ea1n \u0111\u00e3 nh\u1eadn \u0111\u01b0\u1ee3c v\u00e0 Th\u00f4ng tin \u0111\u01a1n h\u00e0ng m\u00e0 kh\u00f4ng b\u1ecb ph\u1ea1t.<\/p>\n<p>Trong nh\u1eefng tr\u01b0\u1eddng h\u1ee3p r\u1ea5t hi\u1ebfm, b\u1ea1n c\u00f3 th\u1ec3 nh\u1eadn \u0111\u01b0\u1ee3c &#8220;B\u00e1o gi\u00e1 &amp; X\u00e1c nh\u1eadn giao h\u00e0ng&#8221; t\u1eeb ch\u00fang t\u00f4i, nh\u01b0ng t\u00e1c ph\u1ea9m ngh\u1ec7 thu\u1eadt kh\u00f4ng c\u00f2n trong kho c\u1ee7a ch\u00fang t\u00f4i ho\u1eb7c nh\u00e0 cung c\u1ea5p d\u1ecbch v\u1ee5 ho\u00e0n thi\u1ec7n \u0111\u01a1n h\u00e0ng b\u00ean th\u1ee9 ba c\u1ee7a ch\u00fang t\u00f4i n\u1eefa. B\u1ea1n \u0111\u1ed3ng \u00fd r\u1eb1ng ch\u00fang t\u00f4i c\u00f3 th\u1ec3 h\u1ee7y b\u1ecf vi\u1ec7c ch\u1ea5p nh\u1eadn v\u00e0 h\u1ee7y \u0111\u01a1n h\u00e0ng c\u1ee7a b\u1ea1n m\u00e0 kh\u00f4ng b\u1ecb ph\u1ea1t n\u1ebfu ch\u00fang t\u00f4i kh\u00f4ng th\u1ec3 giao t\u00e1c ph\u1ea9m ngh\u1ec7 thu\u1eadt m\u00e0 b\u1ea1n \u0111\u00e3 \u0111\u1eb7t do kh\u00f4ng c\u00f3 s\u1eb5n.<\/p>\n<p>Ch\u00fang t\u00f4i s\u1ebd s\u1eafp x\u1ebfp giao h\u00e0ng \u0111\u1ebfn b\u1ea5t k\u1ef3 \u0111\u1ecba \u0111i\u1ec3m n\u00e0o \u1edf n\u01b0\u1edbc ngo\u00e0i trong ph\u1ea1m vi c\u1ee7a Nh\u00e0 v\u1eadn chuy\u1ec3n qu\u1ed1c t\u1ebf \u0111\u01b0\u1ee3c ch\u1ec9 \u0111\u1ecbnh c\u1ee7a ch\u00fang t\u00f4i nh\u01b0 FedEx, DHL ho\u1eb7c TNT. N\u1ebfu b\u1ea1n mu\u1ed1n mua nhi\u1ec1u t\u00e1c ph\u1ea9m c\u00f9ng m\u1ed9t l\u00fac, trong m\u1ed9t s\u1ed1 tr\u01b0\u1eddng h\u1ee3p, ch\u00fang t\u00f4i c\u00f3 th\u1ec3 g\u1eedi c\u00e1c t\u00e1c ph\u1ea9m c\u00f9ng nhau v\u00e0 gi\u1ea3m chi ph\u00ed v\u1eadn chuy\u1ec3n c\u1ee7a b\u1ea1n. Ch\u00fang t\u00f4i s\u1ebd th\u00f4ng b\u00e1o chi ti\u1ebft v\u1ec1 \u0111i\u1ec1u n\u00e0y trong &#8220;B\u00e1o gi\u00e1 &amp; X\u00e1c nh\u1eadn giao h\u00e0ng&#8221;.<\/p>\n<p><strong>B.4. Mua h\u00e0ng \u2013 c\u00e1ch \u0111\u1eb7t h\u00e0ng.<\/strong><\/p>\n<p>Th\u1ef1c hi\u1ec7n theo c\u00e1c b\u01b0\u1edbc sau \u0111\u1ec3 \u0111\u1eb7t h\u00e0ng. N\u1ebfu v\u1eabn c\u1ea7n h\u1ed7 tr\u1ee3, vui l\u00f2ng nh\u1ea5p v\u00e0o \u0111\u00e2y \u0111\u1ec3 li\u00ean h\u1ec7 v\u1edbi b\u1ed9 ph\u1eadn ch\u0103m s\u00f3c kh\u00e1ch h\u00e0ng.<\/p>\n<p><strong><u>B\u01b0\u1edbc 1:<\/u><\/strong><\/p>\n<p>Trong trang T\u00e1c ph\u1ea9m ngh\u1ec7 thu\u1eadt c\u00e1 nh\u00e2n \u0111\u00e3 ch\u1ecdn, h\u00e3y nh\u1ea5p v\u00e0o n\u00fat \u201cMua\u201d \u0111\u1ec3 mua.<\/p>\n<p><strong><u>B\u01b0\u1edbc 2:<\/u><\/strong><\/p>\n<p>S\u1ea3n ph\u1ea9m\/t\u00e1c ph\u1ea9m ngh\u1ec7 thu\u1eadt m\u00e0 b\u1ea1n \u0111\u00e3 ch\u1ecdn s\u1ebd \u0111\u01b0\u1ee3c li\u1ec7t k\u00ea theo d\u1ea1ng \u201cDanh s\u00e1ch s\u1ea3n ph\u1ea9m \u0111\u00e3 ch\u1ecdn\u201d. N\u1ebfu b\u1ea1n mu\u1ed1n \u0111\u1eb7t th\u00eam c\u00e1c t\u00e1c ph\u1ea9m ngh\u1ec7 thu\u1eadt kh\u00e1c, vui l\u00f2ng nh\u1ea5p v\u00e0o n\u00fat \u201cti\u1ebfp t\u1ee5c\u201d \u0111\u1ec3 ti\u1ebfp t\u1ee5c ch\u1ecdn s\u1ea3n ph\u1ea9m.<\/p>\n<p><strong><u>B\u01b0\u1edbc 3:<\/u><\/strong><\/p>\n<p>\u0110i\u1ec1n v\u00e0o c\u00e1c tr\u01b0\u1eddng c\u1ea7n thi\u1ebft trong ph\u1ea7n Th\u00f4ng tin c\u00e1 nh\u00e2n.<\/p>\n<p><strong><u>B\u01b0\u1edbc 4:<\/u><\/strong><\/p>\n<p>Nh\u1ea5p v\u00e0o \u201c\u0110\u1eb7t h\u00e0ng\u201d \u0111\u1ec3 g\u1eedi \u0111\u01a1n h\u00e0ng c\u1ee7a b\u1ea1n cho ch\u00fang t\u00f4i. \u201cTh\u00f4ng tin \u0111\u01a1n h\u00e0ng\u201d s\u1ebd t\u1ef1 \u0111\u1ed9ng \u0111\u01b0\u1ee3c g\u1eedi \u0111\u1ebfn h\u1ed9p th\u01b0 email c\u1ee7a b\u1ea1n \u0111\u1ec3 x\u00e1c nh\u1eadn \u0111\u01a1n h\u00e0ng c\u1ee7a b\u1ea1n.<\/p>\n<p><strong><u>B\u01b0\u1edbc<\/u><\/strong><strong><u><strong>\u00a0<\/strong>5:<\/u><\/strong><\/p>\n<p>B\u1ed9 ph\u1eadn ch\u0103m s\u00f3c kh\u00e1ch h\u00e0ng c\u1ee7a ch\u00fang t\u00f4i s\u1ebd x\u00e1c minh s\u1ea3n ph\u1ea9m b\u1ea1n \u0111\u00e3 \u0111\u1eb7t h\u00e0ng v\u00e0 sau \u0111\u00f3 g\u1eedi m\u1ed9t \u201ch\u1ec7 th\u1ed1ng\u201d k\u00e8m theo.<\/p>\n<p><strong><u>B\u01b0\u1edbc 6:<\/u><\/strong><\/p>\n<p>Ch\u1ecdn ph\u01b0\u01a1ng th\u1ee9c thanh to\u00e1n c\u1ee7a b\u1ea1n<\/p>\n<p>N\u1ebfu m\u1ecdi th\u1ee9 \u0111\u1ec1u \u1ed5n v\u00e0 b\u1ea1n \u0111\u1ed3ng \u00fd v\u1edbi t\u1ed5ng chi ph\u00ed, h\u00e3y nh\u1ea5p v\u00e0o li\u00ean k\u1ebft <strong><a class=\"textbody\" href=\"http:\/\/onepay.vn\/\" target=\"_blank\" rel=\"noopener\"><span style=\"color: #0000ff;\">OnePay<\/span><\/a><\/strong> \u0111\u01b0\u1ee3c \u0111\u00ednh k\u00e8m v\u00e0o \u201cB\u00e1o gi\u00e1 &amp; X\u00e1c nh\u1eadn giao h\u00e0ng\u201d \u0111\u1ec3 ti\u1ebfn h\u00e0nh thanh to\u00e1n.<\/p>\n<p>Ch\u00fang t\u00f4i khuy\u00ean b\u1ea1n n\u00ean in m\u1ed9t b\u1ea3n sao trang <strong>\u201cTh\u00f4ng tin \u0111\u01a1n h\u00e0ng\u201d<\/strong> v\u00e0 <strong>\u201cB\u00e1o gi\u00e1 &amp; X\u00e1c nh\u1eadn giao h\u00e0ng\u201d<\/strong> \u0111\u1ec3 l\u01b0u tr\u1eef.<\/p>\n","protected":false},"excerpt":{"rendered":"<p>Hi\u1ec7u l\u1ef1c c\u1ee7a th\u1ecfa thu\u1eadn n\u00e0y l\u00e0 ng\u00e0y 15 th\u00e1ng 7 n\u0103m 2009 Ch\u00fang t\u00f4i, Phuong Mai Gallery l\u00e0 nh\u00e0 cung c\u1ea5p d\u1ecbch v\u1ee5 li\u00ean quan \u0111\u1ebfn c\u00e1c d\u1ecbch v\u1ee5 n\u00e0y bao g\u1ed3m mua t\u00e1c ph\u1ea9m ngh\u1ec7 thu\u1eadt g\u1ed1c v\u00e0 thanh to\u00e1n tr\u1ef1c tuy\u1ebfn th\u00f4ng qua trang web n\u00e0y v\u00e0 \u0111ang ho\u1ea1t \u0111\u1ed9ng v\u1edbi t\u01b0<\/p>\n","protected":false},"author":1,"featured_media":0,"parent":0,"menu_order":0,"comment_status":"closed","ping_status":"closed","template":"page-templates\/fullwidthpage.php","meta":{"_acf_changed":false,"footnotes":""},"class_list":["post-3216","page","type-page","status-publish","hentry"],"acf":[],"yoast_head":"<!-- This site is optimized with the Yoast SEO plugin v26.5 - https:\/\/yoast.com\/wordpress\/plugins\/seo\/ -->\n<title>\u0110\u1eb7t h\u00e0ng - Phuong Mai Gallery<\/title>\n<meta name=\"robots\" content=\"index, follow, max-snippet:-1, max-image-preview:large, max-video-preview:-1\" \/>\n<link rel=\"canonical\" href=\"https:\/\/phuongmaigallery.com\/vi\/dat-hang\/\" \/>\n<meta property=\"og:locale\" content=\"vi_VN\" \/>\n<meta property=\"og:type\" content=\"article\" \/>\n<meta property=\"og:title\" content=\"\u0110\u1eb7t h\u00e0ng - Phuong Mai Gallery\" \/>\n<meta property=\"og:description\" content=\"Hi\u1ec7u l\u1ef1c c\u1ee7a th\u1ecfa thu\u1eadn n\u00e0y l\u00e0 ng\u00e0y 15 th\u00e1ng 7 n\u0103m 2009 Ch\u00fang t\u00f4i, Phuong Mai Gallery l\u00e0 nh\u00e0 cung c\u1ea5p d\u1ecbch v\u1ee5 li\u00ean quan \u0111\u1ebfn c\u00e1c d\u1ecbch v\u1ee5 n\u00e0y bao g\u1ed3m mua t\u00e1c ph\u1ea9m ngh\u1ec7 thu\u1eadt g\u1ed1c v\u00e0 thanh to\u00e1n tr\u1ef1c tuy\u1ebfn th\u00f4ng qua trang web n\u00e0y v\u00e0 \u0111ang ho\u1ea1t \u0111\u1ed9ng v\u1edbi t\u01b0\" \/>\n<meta property=\"og:url\" content=\"https:\/\/phuongmaigallery.com\/vi\/dat-hang\/\" \/>\n<meta property=\"og:site_name\" content=\"Phuong Mai Gallery\" \/>\n<meta name=\"twitter:card\" content=\"summary_large_image\" \/>\n<meta name=\"twitter:label1\" content=\"Est. reading time\" \/>\n\t<meta name=\"twitter:data1\" content=\"7 minutes\" \/>\n<script type=\"application\/ld+json\" class=\"yoast-schema-graph\">{\"@context\":\"https:\/\/schema.org\",\"@graph\":[{\"@type\":\"WebPage\",\"@id\":\"https:\/\/phuongmaigallery.com\/vi\/dat-hang\/\",\"url\":\"https:\/\/phuongmaigallery.com\/vi\/dat-hang\/\",\"name\":\"\u0110\u1eb7t h\u00e0ng - Phuong Mai Gallery\",\"isPartOf\":{\"@id\":\"https:\/\/phuongmaigallery.com\/#website\"},\"datePublished\":\"2025-02-27T09:02:48+00:00\",\"breadcrumb\":{\"@id\":\"https:\/\/phuongmaigallery.com\/vi\/dat-hang\/#breadcrumb\"},\"inLanguage\":\"vi-VN\",\"potentialAction\":[{\"@type\":\"ReadAction\",\"target\":[\"https:\/\/phuongmaigallery.com\/vi\/dat-hang\/\"]}]},{\"@type\":\"BreadcrumbList\",\"@id\":\"https:\/\/phuongmaigallery.com\/vi\/dat-hang\/#breadcrumb\",\"itemListElement\":[{\"@type\":\"ListItem\",\"position\":1,\"name\":\"Home\",\"item\":\"https:\/\/phuongmaigallery.com\/vi\/\"},{\"@type\":\"ListItem\",\"position\":2,\"name\":\"\u0110\u1eb7t h\u00e0ng\"}]},{\"@type\":\"WebSite\",\"@id\":\"https:\/\/phuongmaigallery.com\/#website\",\"url\":\"https:\/\/phuongmaigallery.com\/\",\"name\":\"Phuong Mai Gallery\",\"description\":\"Explore Exquisite Asian Art Online by Vietnam Artist\",\"potentialAction\":[{\"@type\":\"SearchAction\",\"target\":{\"@type\":\"EntryPoint\",\"urlTemplate\":\"https:\/\/phuongmaigallery.com\/?s={search_term_string}\"},\"query-input\":{\"@type\":\"PropertyValueSpecification\",\"valueRequired\":true,\"valueName\":\"search_term_string\"}}],\"inLanguage\":\"vi-VN\"}]}<\/script>\n<!-- \/ Yoast SEO plugin. -->","yoast_head_json":{"title":"\u0110\u1eb7t h\u00e0ng - Phuong Mai Gallery","robots":{"index":"index","follow":"follow","max-snippet":"max-snippet:-1","max-image-preview":"max-image-preview:large","max-video-preview":"max-video-preview:-1"},"canonical":"https:\/\/phuongmaigallery.com\/vi\/dat-hang\/","og_locale":"vi_VN","og_type":"article","og_title":"\u0110\u1eb7t h\u00e0ng - Phuong Mai Gallery","og_description":"Hi\u1ec7u l\u1ef1c c\u1ee7a th\u1ecfa thu\u1eadn n\u00e0y l\u00e0 ng\u00e0y 15 th\u00e1ng 7 n\u0103m 2009 Ch\u00fang t\u00f4i, Phuong Mai Gallery l\u00e0 nh\u00e0 cung c\u1ea5p d\u1ecbch v\u1ee5 li\u00ean quan \u0111\u1ebfn c\u00e1c d\u1ecbch v\u1ee5 n\u00e0y bao g\u1ed3m mua t\u00e1c ph\u1ea9m ngh\u1ec7 thu\u1eadt g\u1ed1c v\u00e0 thanh to\u00e1n tr\u1ef1c tuy\u1ebfn th\u00f4ng qua trang web n\u00e0y v\u00e0 \u0111ang ho\u1ea1t \u0111\u1ed9ng v\u1edbi t\u01b0","og_url":"https:\/\/phuongmaigallery.com\/vi\/dat-hang\/","og_site_name":"Phuong Mai Gallery","twitter_card":"summary_large_image","twitter_misc":{"Est. reading time":"7 minutes"},"schema":{"@context":"https:\/\/schema.org","@graph":[{"@type":"WebPage","@id":"https:\/\/phuongmaigallery.com\/vi\/dat-hang\/","url":"https:\/\/phuongmaigallery.com\/vi\/dat-hang\/","name":"\u0110\u1eb7t h\u00e0ng - Phuong Mai Gallery","isPartOf":{"@id":"https:\/\/phuongmaigallery.com\/#website"},"datePublished":"2025-02-27T09:02:48+00:00","breadcrumb":{"@id":"https:\/\/phuongmaigallery.com\/vi\/dat-hang\/#breadcrumb"},"inLanguage":"vi-VN","potentialAction":[{"@type":"ReadAction","target":["https:\/\/phuongmaigallery.com\/vi\/dat-hang\/"]}]},{"@type":"BreadcrumbList","@id":"https:\/\/phuongmaigallery.com\/vi\/dat-hang\/#breadcrumb","itemListElement":[{"@type":"ListItem","position":1,"name":"Home","item":"https:\/\/phuongmaigallery.com\/vi\/"},{"@type":"ListItem","position":2,"name":"\u0110\u1eb7t h\u00e0ng"}]},{"@type":"WebSite","@id":"https:\/\/phuongmaigallery.com\/#website","url":"https:\/\/phuongmaigallery.com\/","name":"Phuong Mai Gallery","description":"Explore Exquisite Asian Art Online by Vietnam Artist","potentialAction":[{"@type":"SearchAction","target":{"@type":"EntryPoint","urlTemplate":"https:\/\/phuongmaigallery.com\/?s={search_term_string}"},"query-input":{"@type":"PropertyValueSpecification","valueRequired":true,"valueName":"search_term_string"}}],"inLanguage":"vi-VN"}]}},"_links":{"self":[{"href":"https:\/\/phuongmaigallery.com\/vi\/wp-json\/wp\/v2\/pages\/3216","targetHints":{"allow":["GET"]}}],"collection":[{"href":"https:\/\/phuongmaigallery.com\/vi\/wp-json\/wp\/v2\/pages"}],"about":[{"href":"https:\/\/phuongmaigallery.com\/vi\/wp-json\/wp\/v2\/types\/page"}],"author":[{"embeddable":true,"href":"https:\/\/phuongmaigallery.com\/vi\/wp-json\/wp\/v2\/users\/1"}],"replies":[{"embeddable":true,"href":"https:\/\/phuongmaigallery.com\/vi\/wp-json\/wp\/v2\/comments?post=3216"}],"version-history":[{"count":1,"href":"https:\/\/phuongmaigallery.com\/vi\/wp-json\/wp\/v2\/pages\/3216\/revisions"}],"predecessor-version":[{"id":3217,"href":"https:\/\/phuongmaigallery.com\/vi\/wp-json\/wp\/v2\/pages\/3216\/revisions\/3217"}],"wp:attachment":[{"href":"https:\/\/phuongmaigallery.com\/vi\/wp-json\/wp\/v2\/media?parent=3216"}],"curies":[{"name":"wp","href":"https:\/\/api.w.org\/{rel}","templated":true}]}}