{"id":3733,"date":"2024-10-01T15:41:06","date_gmt":"2024-10-01T08:41:06","guid":{"rendered":"https:\/\/phuongmaigallery.com\/painting\/lang-que-yen-binh\/"},"modified":"2025-12-09T20:20:39","modified_gmt":"2025-12-09T13:20:39","slug":"lang-que-yen-binh","status":"publish","type":"product","link":"https:\/\/phuongmaigallery.com\/vi\/painting\/lang-que-yen-binh\/","title":{"rendered":"DC386&#8230; Peaceful Village (Sold)"},"content":{"rendered":"<p>DC386&#8230; L\u00e0ng qu\u00ea y\u00ean b\u00ecnh III- Peaceful village III 100&#215;100<\/p>\n","protected":false},"excerpt":{"rendered":"<p>DC386&#8230; L\u00e0ng qu\u00ea y\u00ean b\u00ecnh III (Sold)<\/p>\n<p>Peaceful village III<\/p>\n<p>Size: 100&#215;100<\/p>\n","protected":false},"featured_media":380,"comment_status":"open","ping_status":"closed","template":"","meta":{"_acf_changed":false},"product_brand":[],"product_cat":[272],"product_tag":[287,290],"class_list":{"0":"post-3733","1":"product","2":"type-product","3":"status-publish","4":"has-post-thumbnail","6":"product_artist-dang-can-vi","7":"product_cat-tranh-duong-dai-vi","8":"product_tag-tranh-phong-canh-vi","9":"product_tag-tranh-son-dau-tren-vai","11":"first","12":"outofstock","13":"shipping-taxable","14":"product-type-simple"},"acf":[],"yoast_head":"<!-- This site is optimized with the Yoast SEO plugin v26.5 - https:\/\/yoast.com\/wordpress\/plugins\/seo\/ -->\n<title>DC386... Peaceful Village (Sold) - Phuong Mai Gallery<\/title>\n<meta name=\"robots\" content=\"index, follow, max-snippet:-1, max-image-preview:large, max-video-preview:-1\" \/>\n<link rel=\"canonical\" href=\"https:\/\/phuongmaigallery.com\/vi\/painting\/lang-que-yen-binh\/\" \/>\n<meta property=\"og:locale\" content=\"vi_VN\" \/>\n<meta property=\"og:type\" content=\"article\" \/>\n<meta property=\"og:title\" content=\"DC386... Peaceful Village (Sold) - Phuong Mai Gallery\" \/>\n<meta property=\"og:description\" content=\"DC386... L\u00e0ng qu\u00ea y\u00ean b\u00ecnh III (Sold)  Peaceful village III  Size: 100x100\" \/>\n<meta property=\"og:url\" content=\"https:\/\/phuongmaigallery.com\/vi\/painting\/lang-que-yen-binh\/\" \/>\n<meta property=\"og:site_name\" content=\"Phuong Mai Gallery\" \/>\n<meta property=\"article:modified_time\" content=\"2025-12-09T13:20:39+00:00\" \/>\n<meta property=\"og:image\" content=\"https:\/\/phuongmaigallery.com\/wp-content\/uploads\/2024\/10\/DC386-Lang-que-yen-binh-III-Peaceful-village-III-100x100-cm.gif\" \/>\n\t<meta property=\"og:image:width\" content=\"400\" \/>\n\t<meta property=\"og:image:height\" content=\"394\" \/>\n\t<meta property=\"og:image:type\" content=\"image\/gif\" \/>\n<meta name=\"twitter:card\" content=\"summary_large_image\" \/>\n<meta name=\"twitter:label1\" content=\"Est. reading time\" \/>\n\t<meta name=\"twitter:data1\" content=\"1 minute\" \/>\n<script type=\"application\/ld+json\" class=\"yoast-schema-graph\">{\"@context\":\"https:\/\/schema.org\",\"@graph\":[{\"@type\":\"WebPage\",\"@id\":\"https:\/\/phuongmaigallery.com\/vi\/painting\/lang-que-yen-binh\/\",\"url\":\"https:\/\/phuongmaigallery.com\/vi\/painting\/lang-que-yen-binh\/\",\"name\":\"DC386... Peaceful Village (Sold) - Phuong Mai Gallery\",\"isPartOf\":{\"@id\":\"https:\/\/phuongmaigallery.com\/#website\"},\"primaryImageOfPage\":{\"@id\":\"https:\/\/phuongmaigallery.com\/vi\/painting\/lang-que-yen-binh\/#primaryimage\"},\"image\":{\"@id\":\"https:\/\/phuongmaigallery.com\/vi\/painting\/lang-que-yen-binh\/#primaryimage\"},\"thumbnailUrl\":\"https:\/\/phuongmaigallery.com\/wp-content\/uploads\/2024\/10\/DC386-Lang-que-yen-binh-III-Peaceful-village-III-100x100-cm.gif\",\"datePublished\":\"2024-10-01T08:41:06+00:00\",\"dateModified\":\"2025-12-09T13:20:39+00:00\",\"breadcrumb\":{\"@id\":\"https:\/\/phuongmaigallery.com\/vi\/painting\/lang-que-yen-binh\/#breadcrumb\"},\"inLanguage\":\"vi-VN\",\"potentialAction\":[{\"@type\":\"ReadAction\",\"target\":[\"https:\/\/phuongmaigallery.com\/vi\/painting\/lang-que-yen-binh\/\"]}]},{\"@type\":\"ImageObject\",\"inLanguage\":\"vi-VN\",\"@id\":\"https:\/\/phuongmaigallery.com\/vi\/painting\/lang-que-yen-binh\/#primaryimage\",\"url\":\"https:\/\/phuongmaigallery.com\/wp-content\/uploads\/2024\/10\/DC386-Lang-que-yen-binh-III-Peaceful-village-III-100x100-cm.gif\",\"contentUrl\":\"https:\/\/phuongmaigallery.com\/wp-content\/uploads\/2024\/10\/DC386-Lang-que-yen-binh-III-Peaceful-village-III-100x100-cm.gif\",\"width\":400,\"height\":394},{\"@type\":\"BreadcrumbList\",\"@id\":\"https:\/\/phuongmaigallery.com\/vi\/painting\/lang-que-yen-binh\/#breadcrumb\",\"itemListElement\":[{\"@type\":\"ListItem\",\"position\":1,\"name\":\"Home\",\"item\":\"https:\/\/phuongmaigallery.com\/vi\/\"},{\"@type\":\"ListItem\",\"position\":2,\"name\":\"Paintings\",\"item\":\"https:\/\/phuongmaigallery.com\/painting\/\"},{\"@type\":\"ListItem\",\"position\":3,\"name\":\"DC386&#8230; Peaceful Village (Sold)\"}]},{\"@type\":\"WebSite\",\"@id\":\"https:\/\/phuongmaigallery.com\/#website\",\"url\":\"https:\/\/phuongmaigallery.com\/\",\"name\":\"Phuong Mai Gallery\",\"description\":\"Explore Exquisite Asian Art Online by Vietnam Artist\",\"potentialAction\":[{\"@type\":\"SearchAction\",\"target\":{\"@type\":\"EntryPoint\",\"urlTemplate\":\"https:\/\/phuongmaigallery.com\/?s={search_term_string}\"},\"query-input\":{\"@type\":\"PropertyValueSpecification\",\"valueRequired\":true,\"valueName\":\"search_term_string\"}}],\"inLanguage\":\"vi-VN\"}]}<\/script>\n<!-- \/ Yoast SEO plugin. -->","yoast_head_json":{"title":"DC386... Peaceful Village (Sold) - Phuong Mai Gallery","robots":{"index":"index","follow":"follow","max-snippet":"max-snippet:-1","max-image-preview":"max-image-preview:large","max-video-preview":"max-video-preview:-1"},"canonical":"https:\/\/phuongmaigallery.com\/vi\/painting\/lang-que-yen-binh\/","og_locale":"vi_VN","og_type":"article","og_title":"DC386... Peaceful Village (Sold) - Phuong Mai Gallery","og_description":"DC386... L\u00e0ng qu\u00ea y\u00ean b\u00ecnh III (Sold)  Peaceful village III  Size: 100x100","og_url":"https:\/\/phuongmaigallery.com\/vi\/painting\/lang-que-yen-binh\/","og_site_name":"Phuong Mai Gallery","article_modified_time":"2025-12-09T13:20:39+00:00","og_image":[{"width":400,"height":394,"url":"https:\/\/phuongmaigallery.com\/wp-content\/uploads\/2024\/10\/DC386-Lang-que-yen-binh-III-Peaceful-village-III-100x100-cm.gif","type":"image\/gif"}],"twitter_card":"summary_large_image","twitter_misc":{"Est. reading time":"1 minute"},"schema":{"@context":"https:\/\/schema.org","@graph":[{"@type":"WebPage","@id":"https:\/\/phuongmaigallery.com\/vi\/painting\/lang-que-yen-binh\/","url":"https:\/\/phuongmaigallery.com\/vi\/painting\/lang-que-yen-binh\/","name":"DC386... Peaceful Village (Sold) - Phuong Mai Gallery","isPartOf":{"@id":"https:\/\/phuongmaigallery.com\/#website"},"primaryImageOfPage":{"@id":"https:\/\/phuongmaigallery.com\/vi\/painting\/lang-que-yen-binh\/#primaryimage"},"image":{"@id":"https:\/\/phuongmaigallery.com\/vi\/painting\/lang-que-yen-binh\/#primaryimage"},"thumbnailUrl":"https:\/\/phuongmaigallery.com\/wp-content\/uploads\/2024\/10\/DC386-Lang-que-yen-binh-III-Peaceful-village-III-100x100-cm.gif","datePublished":"2024-10-01T08:41:06+00:00","dateModified":"2025-12-09T13:20:39+00:00","breadcrumb":{"@id":"https:\/\/phuongmaigallery.com\/vi\/painting\/lang-que-yen-binh\/#breadcrumb"},"inLanguage":"vi-VN","potentialAction":[{"@type":"ReadAction","target":["https:\/\/phuongmaigallery.com\/vi\/painting\/lang-que-yen-binh\/"]}]},{"@type":"ImageObject","inLanguage":"vi-VN","@id":"https:\/\/phuongmaigallery.com\/vi\/painting\/lang-que-yen-binh\/#primaryimage","url":"https:\/\/phuongmaigallery.com\/wp-content\/uploads\/2024\/10\/DC386-Lang-que-yen-binh-III-Peaceful-village-III-100x100-cm.gif","contentUrl":"https:\/\/phuongmaigallery.com\/wp-content\/uploads\/2024\/10\/DC386-Lang-que-yen-binh-III-Peaceful-village-III-100x100-cm.gif","width":400,"height":394},{"@type":"BreadcrumbList","@id":"https:\/\/phuongmaigallery.com\/vi\/painting\/lang-que-yen-binh\/#breadcrumb","itemListElement":[{"@type":"ListItem","position":1,"name":"Home","item":"https:\/\/phuongmaigallery.com\/vi\/"},{"@type":"ListItem","position":2,"name":"Paintings","item":"https:\/\/phuongmaigallery.com\/painting\/"},{"@type":"ListItem","position":3,"name":"DC386&#8230; Peaceful Village (Sold)"}]},{"@type":"WebSite","@id":"https:\/\/phuongmaigallery.com\/#website","url":"https:\/\/phuongmaigallery.com\/","name":"Phuong Mai Gallery","description":"Explore Exquisite Asian Art Online by Vietnam Artist","potentialAction":[{"@type":"SearchAction","target":{"@type":"EntryPoint","urlTemplate":"https:\/\/phuongmaigallery.com\/?s={search_term_string}"},"query-input":{"@type":"PropertyValueSpecification","valueRequired":true,"valueName":"search_term_string"}}],"inLanguage":"vi-VN"}]}},"_links":{"self":[{"href":"https:\/\/phuongmaigallery.com\/vi\/wp-json\/wp\/v2\/product\/3733","targetHints":{"allow":["GET"]}}],"collection":[{"href":"https:\/\/phuongmaigallery.com\/vi\/wp-json\/wp\/v2\/product"}],"about":[{"href":"https:\/\/phuongmaigallery.com\/vi\/wp-json\/wp\/v2\/types\/product"}],"replies":[{"embeddable":true,"href":"https:\/\/phuongmaigallery.com\/vi\/wp-json\/wp\/v2\/comments?post=3733"}],"wp:featuredmedia":[{"embeddable":true,"href":"https:\/\/phuongmaigallery.com\/vi\/wp-json\/wp\/v2\/media\/380"}],"wp:attachment":[{"href":"https:\/\/phuongmaigallery.com\/vi\/wp-json\/wp\/v2\/media?parent=3733"}],"wp:term":[{"taxonomy":"product_brand","embeddable":true,"href":"https:\/\/phuongmaigallery.com\/vi\/wp-json\/wp\/v2\/product_brand?post=3733"},{"taxonomy":"product_cat","embeddable":true,"href":"https:\/\/phuongmaigallery.com\/vi\/wp-json\/wp\/v2\/product_cat?post=3733"},{"taxonomy":"product_tag","embeddable":true,"href":"https:\/\/phuongmaigallery.com\/vi\/wp-json\/wp\/v2\/product_tag?post=3733"}],"curies":[{"name":"wp","href":"https:\/\/api.w.org\/{rel}","templated":true}]}}