{"id":5414,"date":"2026-02-24T11:40:05","date_gmt":"2026-02-24T04:40:05","guid":{"rendered":"https:\/\/phuongmaigallery.com\/?post_type=product&#038;p=5414"},"modified":"2026-02-27T13:46:21","modified_gmt":"2026-02-27T06:46:21","slug":"0-vdthanh-26-01-hoa-ngu-sac","status":"publish","type":"product","link":"https:\/\/phuongmaigallery.com\/vi\/painting\/0-vdthanh-26-01-hoa-ngu-sac\/","title":{"rendered":"0. VDThanh-26-01. Hoa ng\u0169 s\u1eafc (\u0110\u00e3 b\u00e1n)"},"content":{"rendered":"","protected":false},"excerpt":{"rendered":"","protected":false},"featured_media":5415,"comment_status":"open","ping_status":"closed","template":"","meta":{"_acf_changed":false},"product_brand":[],"product_cat":[272],"product_tag":[284],"class_list":{"0":"post-5414","1":"product","2":"type-product","3":"status-publish","4":"has-post-thumbnail","6":"product_artist-van-duong-thanh-vi","7":"product_medium-tranh-son-dau","8":"product_cat-tranh-duong-dai-vi","9":"product_tag-tranh-tinh-vat-vi","11":"first","12":"outofstock","13":"shipping-taxable","14":"product-type-simple"},"acf":[],"yoast_head":"<!-- This site is optimized with the Yoast SEO plugin v26.5 - https:\/\/yoast.com\/wordpress\/plugins\/seo\/ -->\n<title>0. VDThanh-26-01. Hoa ng\u0169 s\u1eafc (\u0110\u00e3 b\u00e1n) - Phuong Mai Gallery<\/title>\n<meta name=\"robots\" content=\"index, follow, max-snippet:-1, max-image-preview:large, max-video-preview:-1\" \/>\n<link rel=\"canonical\" href=\"https:\/\/phuongmaigallery.com\/vi\/painting\/0-vdthanh-26-01-hoa-ngu-sac\/\" \/>\n<meta property=\"og:locale\" content=\"vi_VN\" \/>\n<meta property=\"og:type\" content=\"article\" \/>\n<meta property=\"og:title\" content=\"0. VDThanh-26-01. Hoa ng\u0169 s\u1eafc (\u0110\u00e3 b\u00e1n) - Phuong Mai Gallery\" \/>\n<meta property=\"og:url\" content=\"https:\/\/phuongmaigallery.com\/vi\/painting\/0-vdthanh-26-01-hoa-ngu-sac\/\" \/>\n<meta property=\"og:site_name\" content=\"Phuong Mai Gallery\" \/>\n<meta property=\"article:modified_time\" content=\"2026-02-27T06:46:21+00:00\" \/>\n<meta property=\"og:image\" content=\"https:\/\/phuongmaigallery.com\/wp-content\/uploads\/2026\/02\/z7558983530432_dd08b124faacf83330d1061c78f26810.jpg\" \/>\n\t<meta property=\"og:image:width\" content=\"1836\" \/>\n\t<meta property=\"og:image:height\" content=\"2216\" \/>\n\t<meta property=\"og:image:type\" content=\"image\/jpeg\" \/>\n<meta name=\"twitter:card\" content=\"summary_large_image\" \/>\n<meta name=\"twitter:label1\" content=\"Est. reading time\" \/>\n\t<meta name=\"twitter:data1\" content=\"1 minute\" \/>\n<script type=\"application\/ld+json\" class=\"yoast-schema-graph\">{\"@context\":\"https:\/\/schema.org\",\"@graph\":[{\"@type\":\"WebPage\",\"@id\":\"https:\/\/phuongmaigallery.com\/vi\/painting\/0-vdthanh-26-01-hoa-ngu-sac\/\",\"url\":\"https:\/\/phuongmaigallery.com\/vi\/painting\/0-vdthanh-26-01-hoa-ngu-sac\/\",\"name\":\"0. VDThanh-26-01. Hoa ng\u0169 s\u1eafc (\u0110\u00e3 b\u00e1n) - Phuong Mai Gallery\",\"isPartOf\":{\"@id\":\"https:\/\/phuongmaigallery.com\/#website\"},\"primaryImageOfPage\":{\"@id\":\"https:\/\/phuongmaigallery.com\/vi\/painting\/0-vdthanh-26-01-hoa-ngu-sac\/#primaryimage\"},\"image\":{\"@id\":\"https:\/\/phuongmaigallery.com\/vi\/painting\/0-vdthanh-26-01-hoa-ngu-sac\/#primaryimage\"},\"thumbnailUrl\":\"https:\/\/phuongmaigallery.com\/wp-content\/uploads\/2026\/02\/z7558983530432_dd08b124faacf83330d1061c78f26810.jpg\",\"datePublished\":\"2026-02-24T04:40:05+00:00\",\"dateModified\":\"2026-02-27T06:46:21+00:00\",\"breadcrumb\":{\"@id\":\"https:\/\/phuongmaigallery.com\/vi\/painting\/0-vdthanh-26-01-hoa-ngu-sac\/#breadcrumb\"},\"inLanguage\":\"vi-VN\",\"potentialAction\":[{\"@type\":\"ReadAction\",\"target\":[\"https:\/\/phuongmaigallery.com\/vi\/painting\/0-vdthanh-26-01-hoa-ngu-sac\/\"]}]},{\"@type\":\"ImageObject\",\"inLanguage\":\"vi-VN\",\"@id\":\"https:\/\/phuongmaigallery.com\/vi\/painting\/0-vdthanh-26-01-hoa-ngu-sac\/#primaryimage\",\"url\":\"https:\/\/phuongmaigallery.com\/wp-content\/uploads\/2026\/02\/z7558983530432_dd08b124faacf83330d1061c78f26810.jpg\",\"contentUrl\":\"https:\/\/phuongmaigallery.com\/wp-content\/uploads\/2026\/02\/z7558983530432_dd08b124faacf83330d1061c78f26810.jpg\",\"width\":1836,\"height\":2216},{\"@type\":\"BreadcrumbList\",\"@id\":\"https:\/\/phuongmaigallery.com\/vi\/painting\/0-vdthanh-26-01-hoa-ngu-sac\/#breadcrumb\",\"itemListElement\":[{\"@type\":\"ListItem\",\"position\":1,\"name\":\"Home\",\"item\":\"https:\/\/phuongmaigallery.com\/vi\/\"},{\"@type\":\"ListItem\",\"position\":2,\"name\":\"Paintings\",\"item\":\"https:\/\/phuongmaigallery.com\/painting\/\"},{\"@type\":\"ListItem\",\"position\":3,\"name\":\"0. VDThanh-26-01. Hoa ng\u0169 s\u1eafc (\u0110\u00e3 b\u00e1n)\"}]},{\"@type\":\"WebSite\",\"@id\":\"https:\/\/phuongmaigallery.com\/#website\",\"url\":\"https:\/\/phuongmaigallery.com\/\",\"name\":\"Phuong Mai Gallery\",\"description\":\"Explore Exquisite Asian Art Online by Vietnam Artist\",\"potentialAction\":[{\"@type\":\"SearchAction\",\"target\":{\"@type\":\"EntryPoint\",\"urlTemplate\":\"https:\/\/phuongmaigallery.com\/?s={search_term_string}\"},\"query-input\":{\"@type\":\"PropertyValueSpecification\",\"valueRequired\":true,\"valueName\":\"search_term_string\"}}],\"inLanguage\":\"vi-VN\"}]}<\/script>\n<!-- \/ Yoast SEO plugin. -->","yoast_head_json":{"title":"0. VDThanh-26-01. Hoa ng\u0169 s\u1eafc (\u0110\u00e3 b\u00e1n) - Phuong Mai Gallery","robots":{"index":"index","follow":"follow","max-snippet":"max-snippet:-1","max-image-preview":"max-image-preview:large","max-video-preview":"max-video-preview:-1"},"canonical":"https:\/\/phuongmaigallery.com\/vi\/painting\/0-vdthanh-26-01-hoa-ngu-sac\/","og_locale":"vi_VN","og_type":"article","og_title":"0. VDThanh-26-01. Hoa ng\u0169 s\u1eafc (\u0110\u00e3 b\u00e1n) - Phuong Mai Gallery","og_url":"https:\/\/phuongmaigallery.com\/vi\/painting\/0-vdthanh-26-01-hoa-ngu-sac\/","og_site_name":"Phuong Mai Gallery","article_modified_time":"2026-02-27T06:46:21+00:00","og_image":[{"width":1836,"height":2216,"url":"https:\/\/phuongmaigallery.com\/wp-content\/uploads\/2026\/02\/z7558983530432_dd08b124faacf83330d1061c78f26810.jpg","type":"image\/jpeg"}],"twitter_card":"summary_large_image","twitter_misc":{"Est. reading time":"1 minute"},"schema":{"@context":"https:\/\/schema.org","@graph":[{"@type":"WebPage","@id":"https:\/\/phuongmaigallery.com\/vi\/painting\/0-vdthanh-26-01-hoa-ngu-sac\/","url":"https:\/\/phuongmaigallery.com\/vi\/painting\/0-vdthanh-26-01-hoa-ngu-sac\/","name":"0. VDThanh-26-01. Hoa ng\u0169 s\u1eafc (\u0110\u00e3 b\u00e1n) - Phuong Mai Gallery","isPartOf":{"@id":"https:\/\/phuongmaigallery.com\/#website"},"primaryImageOfPage":{"@id":"https:\/\/phuongmaigallery.com\/vi\/painting\/0-vdthanh-26-01-hoa-ngu-sac\/#primaryimage"},"image":{"@id":"https:\/\/phuongmaigallery.com\/vi\/painting\/0-vdthanh-26-01-hoa-ngu-sac\/#primaryimage"},"thumbnailUrl":"https:\/\/phuongmaigallery.com\/wp-content\/uploads\/2026\/02\/z7558983530432_dd08b124faacf83330d1061c78f26810.jpg","datePublished":"2026-02-24T04:40:05+00:00","dateModified":"2026-02-27T06:46:21+00:00","breadcrumb":{"@id":"https:\/\/phuongmaigallery.com\/vi\/painting\/0-vdthanh-26-01-hoa-ngu-sac\/#breadcrumb"},"inLanguage":"vi-VN","potentialAction":[{"@type":"ReadAction","target":["https:\/\/phuongmaigallery.com\/vi\/painting\/0-vdthanh-26-01-hoa-ngu-sac\/"]}]},{"@type":"ImageObject","inLanguage":"vi-VN","@id":"https:\/\/phuongmaigallery.com\/vi\/painting\/0-vdthanh-26-01-hoa-ngu-sac\/#primaryimage","url":"https:\/\/phuongmaigallery.com\/wp-content\/uploads\/2026\/02\/z7558983530432_dd08b124faacf83330d1061c78f26810.jpg","contentUrl":"https:\/\/phuongmaigallery.com\/wp-content\/uploads\/2026\/02\/z7558983530432_dd08b124faacf83330d1061c78f26810.jpg","width":1836,"height":2216},{"@type":"BreadcrumbList","@id":"https:\/\/phuongmaigallery.com\/vi\/painting\/0-vdthanh-26-01-hoa-ngu-sac\/#breadcrumb","itemListElement":[{"@type":"ListItem","position":1,"name":"Home","item":"https:\/\/phuongmaigallery.com\/vi\/"},{"@type":"ListItem","position":2,"name":"Paintings","item":"https:\/\/phuongmaigallery.com\/painting\/"},{"@type":"ListItem","position":3,"name":"0. VDThanh-26-01. Hoa ng\u0169 s\u1eafc (\u0110\u00e3 b\u00e1n)"}]},{"@type":"WebSite","@id":"https:\/\/phuongmaigallery.com\/#website","url":"https:\/\/phuongmaigallery.com\/","name":"Phuong Mai Gallery","description":"Explore Exquisite Asian Art Online by Vietnam Artist","potentialAction":[{"@type":"SearchAction","target":{"@type":"EntryPoint","urlTemplate":"https:\/\/phuongmaigallery.com\/?s={search_term_string}"},"query-input":{"@type":"PropertyValueSpecification","valueRequired":true,"valueName":"search_term_string"}}],"inLanguage":"vi-VN"}]}},"_links":{"self":[{"href":"https:\/\/phuongmaigallery.com\/vi\/wp-json\/wp\/v2\/product\/5414","targetHints":{"allow":["GET"]}}],"collection":[{"href":"https:\/\/phuongmaigallery.com\/vi\/wp-json\/wp\/v2\/product"}],"about":[{"href":"https:\/\/phuongmaigallery.com\/vi\/wp-json\/wp\/v2\/types\/product"}],"replies":[{"embeddable":true,"href":"https:\/\/phuongmaigallery.com\/vi\/wp-json\/wp\/v2\/comments?post=5414"}],"wp:featuredmedia":[{"embeddable":true,"href":"https:\/\/phuongmaigallery.com\/vi\/wp-json\/wp\/v2\/media\/5415"}],"wp:attachment":[{"href":"https:\/\/phuongmaigallery.com\/vi\/wp-json\/wp\/v2\/media?parent=5414"}],"wp:term":[{"taxonomy":"product_brand","embeddable":true,"href":"https:\/\/phuongmaigallery.com\/vi\/wp-json\/wp\/v2\/product_brand?post=5414"},{"taxonomy":"product_cat","embeddable":true,"href":"https:\/\/phuongmaigallery.com\/vi\/wp-json\/wp\/v2\/product_cat?post=5414"},{"taxonomy":"product_tag","embeddable":true,"href":"https:\/\/phuongmaigallery.com\/vi\/wp-json\/wp\/v2\/product_tag?post=5414"}],"curies":[{"name":"wp","href":"https:\/\/api.w.org\/{rel}","templated":true}]}}