{"id":5443,"date":"2026-02-21T13:09:06","date_gmt":"2026-02-21T06:09:06","guid":{"rendered":"https:\/\/phuongmaigallery.com\/painting\/0-ntt-26-04-dong-thap-during-the-golden-rice-season\/"},"modified":"2026-03-25T15:41:44","modified_gmt":"2026-03-25T08:41:44","slug":"0-ntt-26-04-dong-thap-during-the-golden-rice-season","status":"publish","type":"product","link":"https:\/\/phuongmaigallery.com\/vi\/painting\/0-ntt-26-04-dong-thap-during-the-golden-rice-season\/","title":{"rendered":"0. NTT-26-04. \u0110\u1ed3ng Th\u00e1p m\u00f9a l\u00faa ch\u00edn"},"content":{"rendered":"","protected":false},"excerpt":{"rendered":"","protected":false},"featured_media":5736,"comment_status":"open","ping_status":"closed","template":"","meta":{"_acf_changed":false},"product_brand":[],"product_cat":[272],"product_tag":[313],"class_list":{"0":"post-5443","1":"product","2":"type-product","3":"status-publish","4":"has-post-thumbnail","6":"product_artist-nguyen-thi-tam-vi","7":"product_medium-tranh-son-dau","8":"product_cat-tranh-duong-dai-vi","9":"product_tag-landscape-painting-vi","11":"first","12":"instock","13":"shipping-taxable","14":"product-type-simple"},"acf":[],"yoast_head":"<!-- This site is optimized with the Yoast SEO plugin v26.5 - https:\/\/yoast.com\/wordpress\/plugins\/seo\/ -->\n<title>0. NTT-26-04. \u0110\u1ed3ng Th\u00e1p m\u00f9a l\u00faa ch\u00edn - Phuong Mai Gallery<\/title>\n<meta name=\"robots\" content=\"index, follow, max-snippet:-1, max-image-preview:large, max-video-preview:-1\" \/>\n<link rel=\"canonical\" href=\"https:\/\/phuongmaigallery.com\/vi\/painting\/0-ntt-26-04-dong-thap-during-the-golden-rice-season\/\" \/>\n<meta property=\"og:locale\" content=\"vi_VN\" \/>\n<meta property=\"og:type\" content=\"article\" \/>\n<meta property=\"og:title\" content=\"0. NTT-26-04. \u0110\u1ed3ng Th\u00e1p m\u00f9a l\u00faa ch\u00edn - Phuong Mai Gallery\" \/>\n<meta property=\"og:url\" content=\"https:\/\/phuongmaigallery.com\/vi\/painting\/0-ntt-26-04-dong-thap-during-the-golden-rice-season\/\" \/>\n<meta property=\"og:site_name\" content=\"Phuong Mai Gallery\" \/>\n<meta property=\"article:modified_time\" content=\"2026-03-25T08:41:44+00:00\" \/>\n<meta property=\"og:image\" content=\"https:\/\/phuongmaigallery.com\/wp-content\/uploads\/2026\/02\/NTT-26-04-93x55cm-1-1024x587.jpg\" \/>\n\t<meta property=\"og:image:width\" content=\"1024\" \/>\n\t<meta property=\"og:image:height\" content=\"587\" \/>\n\t<meta property=\"og:image:type\" content=\"image\/jpeg\" \/>\n<meta name=\"twitter:card\" content=\"summary_large_image\" \/>\n<meta name=\"twitter:label1\" content=\"Est. reading time\" \/>\n\t<meta name=\"twitter:data1\" content=\"1 minute\" \/>\n<script type=\"application\/ld+json\" class=\"yoast-schema-graph\">{\"@context\":\"https:\/\/schema.org\",\"@graph\":[{\"@type\":\"WebPage\",\"@id\":\"https:\/\/phuongmaigallery.com\/vi\/painting\/0-ntt-26-04-dong-thap-during-the-golden-rice-season\/\",\"url\":\"https:\/\/phuongmaigallery.com\/vi\/painting\/0-ntt-26-04-dong-thap-during-the-golden-rice-season\/\",\"name\":\"0. NTT-26-04. \u0110\u1ed3ng Th\u00e1p m\u00f9a l\u00faa ch\u00edn - Phuong Mai Gallery\",\"isPartOf\":{\"@id\":\"https:\/\/phuongmaigallery.com\/#website\"},\"primaryImageOfPage\":{\"@id\":\"https:\/\/phuongmaigallery.com\/vi\/painting\/0-ntt-26-04-dong-thap-during-the-golden-rice-season\/#primaryimage\"},\"image\":{\"@id\":\"https:\/\/phuongmaigallery.com\/vi\/painting\/0-ntt-26-04-dong-thap-during-the-golden-rice-season\/#primaryimage\"},\"thumbnailUrl\":\"https:\/\/phuongmaigallery.com\/wp-content\/uploads\/2026\/02\/NTT-26-04-93x55cm-1.jpg\",\"datePublished\":\"2026-02-21T06:09:06+00:00\",\"dateModified\":\"2026-03-25T08:41:44+00:00\",\"breadcrumb\":{\"@id\":\"https:\/\/phuongmaigallery.com\/vi\/painting\/0-ntt-26-04-dong-thap-during-the-golden-rice-season\/#breadcrumb\"},\"inLanguage\":\"vi-VN\",\"potentialAction\":[{\"@type\":\"ReadAction\",\"target\":[\"https:\/\/phuongmaigallery.com\/vi\/painting\/0-ntt-26-04-dong-thap-during-the-golden-rice-season\/\"]}]},{\"@type\":\"ImageObject\",\"inLanguage\":\"vi-VN\",\"@id\":\"https:\/\/phuongmaigallery.com\/vi\/painting\/0-ntt-26-04-dong-thap-during-the-golden-rice-season\/#primaryimage\",\"url\":\"https:\/\/phuongmaigallery.com\/wp-content\/uploads\/2026\/02\/NTT-26-04-93x55cm-1.jpg\",\"contentUrl\":\"https:\/\/phuongmaigallery.com\/wp-content\/uploads\/2026\/02\/NTT-26-04-93x55cm-1.jpg\",\"width\":2554,\"height\":1464},{\"@type\":\"BreadcrumbList\",\"@id\":\"https:\/\/phuongmaigallery.com\/vi\/painting\/0-ntt-26-04-dong-thap-during-the-golden-rice-season\/#breadcrumb\",\"itemListElement\":[{\"@type\":\"ListItem\",\"position\":1,\"name\":\"Home\",\"item\":\"https:\/\/phuongmaigallery.com\/vi\/\"},{\"@type\":\"ListItem\",\"position\":2,\"name\":\"Paintings\",\"item\":\"https:\/\/phuongmaigallery.com\/painting\/\"},{\"@type\":\"ListItem\",\"position\":3,\"name\":\"0. NTT-26-04. \u0110\u1ed3ng Th\u00e1p m\u00f9a l\u00faa ch\u00edn\"}]},{\"@type\":\"WebSite\",\"@id\":\"https:\/\/phuongmaigallery.com\/#website\",\"url\":\"https:\/\/phuongmaigallery.com\/\",\"name\":\"Phuong Mai Gallery\",\"description\":\"Explore Exquisite Asian Art Online by Vietnam Artist\",\"potentialAction\":[{\"@type\":\"SearchAction\",\"target\":{\"@type\":\"EntryPoint\",\"urlTemplate\":\"https:\/\/phuongmaigallery.com\/?s={search_term_string}\"},\"query-input\":{\"@type\":\"PropertyValueSpecification\",\"valueRequired\":true,\"valueName\":\"search_term_string\"}}],\"inLanguage\":\"vi-VN\"}]}<\/script>\n<!-- \/ Yoast SEO plugin. -->","yoast_head_json":{"title":"0. NTT-26-04. \u0110\u1ed3ng Th\u00e1p m\u00f9a l\u00faa ch\u00edn - Phuong Mai Gallery","robots":{"index":"index","follow":"follow","max-snippet":"max-snippet:-1","max-image-preview":"max-image-preview:large","max-video-preview":"max-video-preview:-1"},"canonical":"https:\/\/phuongmaigallery.com\/vi\/painting\/0-ntt-26-04-dong-thap-during-the-golden-rice-season\/","og_locale":"vi_VN","og_type":"article","og_title":"0. NTT-26-04. \u0110\u1ed3ng Th\u00e1p m\u00f9a l\u00faa ch\u00edn - Phuong Mai Gallery","og_url":"https:\/\/phuongmaigallery.com\/vi\/painting\/0-ntt-26-04-dong-thap-during-the-golden-rice-season\/","og_site_name":"Phuong Mai Gallery","article_modified_time":"2026-03-25T08:41:44+00:00","og_image":[{"width":1024,"height":587,"url":"https:\/\/phuongmaigallery.com\/wp-content\/uploads\/2026\/02\/NTT-26-04-93x55cm-1-1024x587.jpg","type":"image\/jpeg"}],"twitter_card":"summary_large_image","twitter_misc":{"Est. reading time":"1 minute"},"schema":{"@context":"https:\/\/schema.org","@graph":[{"@type":"WebPage","@id":"https:\/\/phuongmaigallery.com\/vi\/painting\/0-ntt-26-04-dong-thap-during-the-golden-rice-season\/","url":"https:\/\/phuongmaigallery.com\/vi\/painting\/0-ntt-26-04-dong-thap-during-the-golden-rice-season\/","name":"0. NTT-26-04. \u0110\u1ed3ng Th\u00e1p m\u00f9a l\u00faa ch\u00edn - Phuong Mai Gallery","isPartOf":{"@id":"https:\/\/phuongmaigallery.com\/#website"},"primaryImageOfPage":{"@id":"https:\/\/phuongmaigallery.com\/vi\/painting\/0-ntt-26-04-dong-thap-during-the-golden-rice-season\/#primaryimage"},"image":{"@id":"https:\/\/phuongmaigallery.com\/vi\/painting\/0-ntt-26-04-dong-thap-during-the-golden-rice-season\/#primaryimage"},"thumbnailUrl":"https:\/\/phuongmaigallery.com\/wp-content\/uploads\/2026\/02\/NTT-26-04-93x55cm-1.jpg","datePublished":"2026-02-21T06:09:06+00:00","dateModified":"2026-03-25T08:41:44+00:00","breadcrumb":{"@id":"https:\/\/phuongmaigallery.com\/vi\/painting\/0-ntt-26-04-dong-thap-during-the-golden-rice-season\/#breadcrumb"},"inLanguage":"vi-VN","potentialAction":[{"@type":"ReadAction","target":["https:\/\/phuongmaigallery.com\/vi\/painting\/0-ntt-26-04-dong-thap-during-the-golden-rice-season\/"]}]},{"@type":"ImageObject","inLanguage":"vi-VN","@id":"https:\/\/phuongmaigallery.com\/vi\/painting\/0-ntt-26-04-dong-thap-during-the-golden-rice-season\/#primaryimage","url":"https:\/\/phuongmaigallery.com\/wp-content\/uploads\/2026\/02\/NTT-26-04-93x55cm-1.jpg","contentUrl":"https:\/\/phuongmaigallery.com\/wp-content\/uploads\/2026\/02\/NTT-26-04-93x55cm-1.jpg","width":2554,"height":1464},{"@type":"BreadcrumbList","@id":"https:\/\/phuongmaigallery.com\/vi\/painting\/0-ntt-26-04-dong-thap-during-the-golden-rice-season\/#breadcrumb","itemListElement":[{"@type":"ListItem","position":1,"name":"Home","item":"https:\/\/phuongmaigallery.com\/vi\/"},{"@type":"ListItem","position":2,"name":"Paintings","item":"https:\/\/phuongmaigallery.com\/painting\/"},{"@type":"ListItem","position":3,"name":"0. NTT-26-04. \u0110\u1ed3ng Th\u00e1p m\u00f9a l\u00faa ch\u00edn"}]},{"@type":"WebSite","@id":"https:\/\/phuongmaigallery.com\/#website","url":"https:\/\/phuongmaigallery.com\/","name":"Phuong Mai Gallery","description":"Explore Exquisite Asian Art Online by Vietnam Artist","potentialAction":[{"@type":"SearchAction","target":{"@type":"EntryPoint","urlTemplate":"https:\/\/phuongmaigallery.com\/?s={search_term_string}"},"query-input":{"@type":"PropertyValueSpecification","valueRequired":true,"valueName":"search_term_string"}}],"inLanguage":"vi-VN"}]}},"_links":{"self":[{"href":"https:\/\/phuongmaigallery.com\/vi\/wp-json\/wp\/v2\/product\/5443","targetHints":{"allow":["GET"]}}],"collection":[{"href":"https:\/\/phuongmaigallery.com\/vi\/wp-json\/wp\/v2\/product"}],"about":[{"href":"https:\/\/phuongmaigallery.com\/vi\/wp-json\/wp\/v2\/types\/product"}],"replies":[{"embeddable":true,"href":"https:\/\/phuongmaigallery.com\/vi\/wp-json\/wp\/v2\/comments?post=5443"}],"wp:featuredmedia":[{"embeddable":true,"href":"https:\/\/phuongmaigallery.com\/vi\/wp-json\/wp\/v2\/media\/5736"}],"wp:attachment":[{"href":"https:\/\/phuongmaigallery.com\/vi\/wp-json\/wp\/v2\/media?parent=5443"}],"wp:term":[{"taxonomy":"product_brand","embeddable":true,"href":"https:\/\/phuongmaigallery.com\/vi\/wp-json\/wp\/v2\/product_brand?post=5443"},{"taxonomy":"product_cat","embeddable":true,"href":"https:\/\/phuongmaigallery.com\/vi\/wp-json\/wp\/v2\/product_cat?post=5443"},{"taxonomy":"product_tag","embeddable":true,"href":"https:\/\/phuongmaigallery.com\/vi\/wp-json\/wp\/v2\/product_tag?post=5443"}],"curies":[{"name":"wp","href":"https:\/\/api.w.org\/{rel}","templated":true}]}}